{"id":3337,"date":"2024-01-02T14:11:30","date_gmt":"2024-01-02T14:11:30","guid":{"rendered":"https:\/\/www.turkiyeyolyardimi.com\/yol-yardim\/musteri-alan\/"},"modified":"2024-05-30T06:42:05","modified_gmt":"2024-05-30T06:42:05","slug":"gizlilik-politikasi","status":"publish","type":"page","link":"https:\/\/www.turkiyeyolyardimi.com\/yol-yardim\/gizlilik-politikasi\/","title":{"rendered":"Private area"},"content":{"rendered":"<p>[customer-area \/]<\/p><p>Gizlilik S\u00f6zle\u015fmesi<\/p><p>www.euroturkassist.com sitesi olarak ki\u015fisel gizlilik haklar\u0131n\u0131za sayg\u0131 duyuyor ve sitemizde ge\u00e7irdi\u011finiz s\u00fcre zarf\u0131nda bunu sa\u011flamaya \u00e7al\u0131\u015f\u0131yoruz. Ki\u015fisel bilgilerinizin g\u00fcvenli\u011fi ile ilgili a\u00e7\u0131klamalar a\u015fa\u011f\u0131da a\u00e7\u0131klanm\u0131\u015f ve bilginize sunulmu\u015ftur.<\/p><p>Kay\u0131t Dosyalar\u0131 Bir\u00e7ok standart web sunucusunda oldu\u011fu gibi www.euroturkassist.com\u2019da da istatistiksel ama\u00e7l\u0131 log dosyalar\u0131 kayd\u0131 tutmaktad\u0131r. Bu dosyalar; ip adresiniz, internet servis sa\u011flay\u0131c\u0131n\u0131z, taray\u0131c\u0131n\u0131z\u0131n \u00f6zellikleri, i\u015fletim sisteminiz ve siteye giri\u015f-\u00e7\u0131k\u0131\u015f sayfalar\u0131n\u0131z gibi standart bilgileri i\u00e7ermektedir. Log dosyalar\u0131 kesinlikle istatistiksel ama\u00e7lar d\u0131\u015f\u0131nda kullan\u0131lmamakta ve mahremiyetinizi ihlal etmemektedir. Ip adresiniz ve di\u011fer bilgiler, \u015fahsi bilgileriniz ile ili\u015fkilendirilmemektedir.<\/p><p>\u00c7erez (Cookie) Politikas\u0131<\/p><p>Bir\u00e7ok web sitesi gibi bu site de, \u00e7e\u015fitli ama\u00e7larla \u00e7erez (cookie) kullanmaktad\u0131r. \u00c7erez ad\u0131 verilen teknik ileti\u015fim dosyalar\u0131, bir internet sitesinin kullan\u0131c\u0131n\u0131n bilgisayar\u0131 veya cep telefonu taray\u0131c\u0131s\u0131na (browser) g\u00f6nderdi\u011fi k\u00fc\u00e7\u00fck metin dosyalar\u0131d\u0131r.<\/p><p>\u00c7erezler ne ama\u00e7la ve nas\u0131l kullan\u0131lmaktad\u0131r?<\/p><p>Bu sitede, kullan\u0131c\u0131lara ilgi alanlar\u0131na ve ihtiya\u00e7lar\u0131na uygun, ki\u015fiye \u00f6zel i\u00e7erik, kampanya ve reklam sunulmas\u0131 ama\u00e7lanmaktad\u0131r. Bunun amac\u0131, kullan\u0131c\u0131n\u0131n ilgisini \u00e7ekmeyecek, gereksiz reklam g\u00f6sterimine engel olarak site deneyimini daha kaliteli hale getirmektir. \u00c7erezler, sizi tan\u0131mam\u0131za yard\u0131mc\u0131 olur, bu da ilginizi \u00e7ekece\u011fini d\u00fc\u015f\u00fcnd\u00fc\u011f\u00fcm\u00fcz i\u00e7erik, reklam ve kampanyalar ile siteyi sizin i\u00e7in daha kullan\u0131\u015fl\u0131 ve yararl\u0131 hale getirmemizi sa\u011flar.<\/p><p>\u00c7erezler; bu site ve bu uygulamay\u0131 kullanmak isteyen di\u011fer i\u015f ortaklar\u0131n\u0131n sitelerinde kullan\u0131labilir.<\/p><p>\u00c7erezler; siteye girdi\u011finizde ilginizi \u00e7ekebilecek reklam ve kampanyalar\u0131n g\u00f6sterilmesini sa\u011flamak ve sitede bir i\u00e7erik ve reklam g\u00f6rd\u00fckten sonra bu reklamla ilgilenip ilgilenmedi\u011finizi, ilgili \u00fcr\u00fcn veya hizmetin sitesini ziyaret edip etmedi\u011finizi belirlemek amac\u0131yla kullan\u0131labilir. \u00c7erezler; siteyi ziyaret eden kullan\u0131c\u0131 say\u0131s\u0131, kullan\u0131c\u0131 tipi, ziyaret s\u0131kl\u0131\u011f\u0131, kullan\u0131c\u0131 davran\u0131\u015flar\u0131 ve al\u0131\u015fkanl\u0131klar\u0131, kullan\u0131c\u0131lar\u0131n hangi \u00fclkelerden siteyi ziyaret ettikleri vb. istatistiklerin olu\u015fturulmas\u0131 amac\u0131yla kullan\u0131labilecektir.<\/p><p>\u00c7erezler vas\u0131tas\u0131yla hangi bilgiler al\u0131nmakta ve i\u015flenmektedir? Siteye hangi siteden gelindi\u011fi ve siteden sonra hangi sitenin ziyaret edildi\u011fi, kullan\u0131c\u0131lar\u0131n co\u011frafi konumlar\u0131, sitede yer alan reklam bannerlar\u0131na tepkileri, kullan\u0131c\u0131n\u0131n siteye kendi iste\u011fiyle vermi\u015f oldu\u011fu ki\u015fisel bilgiler, site \u00fczerinde ger\u00e7ekle\u015ftirilen tercihler, sosyal payla\u015f\u0131m sitelerinde site ve i\u015f ortaklar\u0131m\u0131z\u0131n sayfalar\u0131 ile ilgili hareketler al\u0131nabilecek ve i\u015flenebilecektir. \u0130\u015f ortaklar\u0131n\u0131n sitelerinden \u00e7erezler vas\u0131tas\u0131yla elde edilen veriler, siteden \u00e7erezler vas\u0131tas\u0131yla toplanan veriler ile birle\u015ftirilip i\u015flenebilir. Siteye ve i\u015f ortaklar\u0131n\u0131n sitelerine vermi\u015f oldu\u011funuz bilgileri, burada belirlenen ama\u00e7larla site veya i\u015f ortaklar\u0131 taraf\u0131ndan al\u0131nabilir ve i\u015flenebilir. Sosyal payla\u015f\u0131m sitelerinden belirli uygulamalar arac\u0131l\u0131\u011f\u0131yla veri al\u0131n\u0131p i\u015flendi\u011finden, hangi verilerinizin i\u015flenece\u011finden uygulama i\u00e7in verdi\u011finiz onay kapsam\u0131nda haberdar olabilirsiniz. \u0130lgili uygulamaya onay vermeyerek, yine sizin belirledi\u011finiz kapsamdaki ki\u015fisel verilerinizin i\u015flenmesine engel olman\u0131z m\u00fcmk\u00fcnd\u00fcr.<\/p><p>\u00c7erez kullan\u0131m\u0131n\u0131n engellenmesi: Taray\u0131c\u0131n\u0131z arac\u0131l\u0131\u011f\u0131yla \u00e7erezleri engellemeniz m\u00fcmk\u00fcnd\u00fcr, ancak bunlar\u0131 engellemeniz durumunda sitedeki baz\u0131 \u00f6zellikleri kullanamayabilirsiniz. Taray\u0131c\u0131n\u0131z\u0131n \u00e7erezleri y\u00f6netmenize olanak sa\u011flay\u0131p sa\u011flamad\u0131\u011f\u0131n\u0131 \u00f6\u011frenmek i\u00e7in taray\u0131c\u0131 ayarlar\u0131n\u0131za bakman\u0131z tavsiye edilir.<\/p><p>\u00c7erezler yard\u0131m\u0131yla toplanan verilerin \u00fc\u00e7\u00fcnc\u00fc ki\u015filerle payla\u015f\u0131m\u0131: \u00c7erezler yard\u0131m\u0131yla toplanan ve yukar\u0131da detayl\u0131 olarak anlat\u0131lan davran\u0131\u015fsal ve ki\u015fisel veriler, i\u015fbu politikada belirlenen ama\u00e7larla i\u015f ortaklar\u0131 ve \u00fc\u00e7\u00fcnc\u00fc ki\u015filerle payla\u015f\u0131labilecektir. Site \u00fczerinde, \u00fc\u00e7\u00fcnc\u00fc ki\u015filer taraf\u0131ndan y\u00f6netilen site ve i\u00e7eriklere ba\u011flant\u0131lar verilebilir veya eri\u015fim olana\u011f\u0131 sa\u011flanabilir. \u00dc\u00e7\u00fcnc\u00fc ki\u015fi i\u00e7eri\u011fi \u00fczerinde sitenin herhangi bir kontrol veya m\u00fcdahale yetkisi bulunmamaktad\u0131r. Sitede \u00fc\u00e7\u00fcnc\u00fc ki\u015filere ait platformlara y\u00f6nelik \u201cplugin\u201dler kullan\u0131labilir.<\/p><p>Kullan\u0131c\u0131lar\u0131n siteyi ziyaretlerinde toplanan bilgiler, bahsedilen \u00dc\u00e7\u00fcnc\u00fc ki\u015fi platformlar taraf\u0131ndan kullan\u0131labilir. Kullan\u0131c\u0131lar\u0131n, siteyi, bu platformlardaki hesaplar\u0131na ba\u011fl\u0131yken ziyaret etmeleri halinde, site ve \u00fc\u00e7\u00fcnc\u00fc ki\u015filer taraf\u0131ndan toplanan bilgiler ili\u015fkilendirilebilir. Burada bahsi ge\u00e7en ama\u00e7larla toplanan kullan\u0131c\u0131 verileri, siteye veya i\u015f ortaklar\u0131na ait olan ve kullan\u0131c\u0131n\u0131n da \u00fcyesi bulundu\u011fu \u00e7e\u015fitli m\u00fc\u015fteri memnuniyeti odakl\u0131 pazarlama programlar\u0131nda yer alan veriler ile birle\u015ftirilebilir. Bunun amac\u0131, kullan\u0131c\u0131 ihtiyac\u0131n\u0131 daha yak\u0131ndan tan\u0131yarak hem bu uygulama kapsam\u0131nda hem de \u00fcyesi oldu\u011funuz di\u011fer pazarlama programlar\u0131 kapsam\u0131nda kullan\u0131c\u0131lara ki\u015fiye \u00f6zel hizmet sunabilmektir. Birle\u015ftirilen veriler burada ve ilgili pazarlama program\u0131n\u0131n \u00fcyelik s\u00f6zle\u015fmesinde yer alan ama\u00e7 ve y\u00f6ntemlerle i\u015flenebilir. \u0130\u015fbu politika kapsam\u0131nda site veya \u00fc\u00e7\u00fcnc\u00fc ki\u015filer taraf\u0131ndan i\u015flenen ki\u015fisel veriler, site veya \u00fc\u00e7\u00fcnc\u00fc ki\u015filer taraf\u0131ndan bu verilerin i\u015flenmesi amac\u0131yla hizmet al\u0131nan \u00fc\u00e7\u00fcnc\u00fc ki\u015filerle, bu hizmetlerin al\u0131nmas\u0131 amac\u0131yla s\u0131n\u0131rl\u0131 olmak \u00fczere payla\u015f\u0131labilir. Hizmet al\u0131nan \u00fc\u00e7\u00fcnc\u00fc ki\u015filer, bu verileri yurt i\u00e7inde veya yurt d\u0131\u015f\u0131nda tutabilir ve yurt i\u00e7i ya da yurt d\u0131\u015f\u0131nda tutulan veriler aras\u0131nda aktar\u0131m ger\u00e7ekle\u015ftirebilir. Yasal d\u00fczenlemelere uygunluk Site ve i\u015f ortaklar\u0131, yasalara uygun olmayan ve burada belirtilenin d\u0131\u015f\u0131nda hi\u00e7bir ama\u00e7la hareket etmez. Verileriniz y\u00fcksek g\u00fcvenlik \u00f6nlemleri ile korunacak, kredi kart\u0131 ve \u00f6deme bilgileriniz hi\u00e7bir durumda payla\u015f\u0131lmayacakt\u0131r.<\/p><p>Bu uygulama, yasal geli\u015fmeler kar\u015f\u0131s\u0131nda revize edilir ve yasa ile belirlenen \u015fekil ve kapsama uygun hale getirilir.<\/p><p>EuroT\u00fcrkAssist.Yol Yard\u0131m,S\u0131laYolu Avrupa T\u00fcrk Otomobil kul\u00fcb\u00fc ki\u015fisel bilgilerinizi sadece a\u015fa\u011f\u0131da belirtilen yasal durumlarda ve yasal prosed\u00fcrler \u00e7er\u00e7evesinde \u00fc\u00e7\u00fcnc\u00fc \u015fah\u0131slara a\u00e7ar: a) Yasal mercilerden bu y\u00f6nde bir talep olu\u015fmas\u0131 halinde b) EuroT\u00fcrkAssist Yol Yard\u0131m,nin m\u00fclkiyet haklar\u0131n\u0131 korumak ve savunmak amac\u0131yla c) \u0130\u015fbu politikada ge\u00e7en kabul etti\u011finiz kurallar \u00e7er\u00e7evesinde Ki\u015fisel verileri i\u015flenen ki\u015filerin haklar\u0131 \u0130\u015fbu politika kapsam\u0131nda ki\u015fisel verileri i\u015flenen ki\u015filerin, kendileriyle ilgili ki\u015fisel veri i\u015flenip i\u015flenmedi\u011fini, verileri i\u015flenmi\u015fse buna ili\u015fkin bilgileri, verilerin i\u015flenme amac\u0131n\u0131 ve bunlar\u0131n amac\u0131na uygun kullan\u0131l\u0131p kullan\u0131lmad\u0131\u011f\u0131n\u0131, yurt i\u00e7inde veya yurt d\u0131\u015f\u0131nda verilerin aktar\u0131ld\u0131\u011f\u0131 \u00fc\u00e7\u00fcnc\u00fc ki\u015filerin kimler oldu\u011funu, verilerin eksik veya yanl\u0131\u015f olmas\u0131 halinde bunlar\u0131n d\u00fczeltilmesini, ilgili mevzuatta \u00f6ng\u00f6r\u00fclen ko\u015fullar \u00e7er\u00e7evesinde ki\u015fisel verilerin silinmesini veya yok edilmesini, d\u00fczeltme\/silme\/yok etme i\u015flemlerinin imkans\u0131z olmamak veya orant\u0131s\u0131z \u00e7aba gerektirmemek kayd\u0131yla, verilerin aktar\u0131ld\u0131\u011f\u0131 \u00fc\u00e7\u00fcnc\u00fc ki\u015filere bildirilmesini isteme; i\u015flenen verilerin m\u00fcnhas\u0131ran otomatik sistemler vas\u0131tas\u0131yla analiz edilmesi suretiyle ki\u015finin kendisi aleyhine bir sonucun ortaya \u00e7\u0131kmas\u0131na itiraz etme ve verilerinin ilgili mevzuata ayk\u0131r\u0131 olarak i\u015flenmesi sebebiyle zarara u\u011framas\u0131 halinde zarar\u0131n giderilmesini talep etme hakk\u0131 bulunmaktad\u0131r. Kullan\u0131c\u0131n\u0131n bu siteyi ziyaret etmesi, i\u015fbu politika kapsam\u0131nda \u00e7erez kullan\u0131m\u0131na onay verdi\u011fi anlam\u0131na gelmektedir. Kredi Kart\u0131 G\u00fcvenlik Sistemi Sitemizde, al\u0131\u015fveri\u015finizi d\u00fcnya e-ticaret g\u00fcvenlik standartlar\u0131nda yapman\u0131z i\u00e7in firmam\u0131zca uygulanan g\u00fcvenlik \u00f6nlemleri bulunmaktad\u0131r. Bu g\u00fcvenlik \u00f6nlemleri \u015funlard\u0131r; a. 3-D Secure kimlik do\u011frulama sistemi kullan\u0131l\u0131r. b. 256 bit SSL(Secure Sockets Layer) G\u00fcvenlik sistemi kullan\u0131l\u0131r. c. M\u00fc\u015fterilerin kredi kart\u0131 bilgileri sistemimizde tutulmamaktad\u0131r. d. Sisteme giri\u015f \u015fifreleriniz veritaban\u0131m\u0131zda \u015fifreli olarak durmaktad\u0131r. Web sitemizden ilk defa al\u0131\u015fveri\u015f yapan m\u00fc\u015fterilerin sat\u0131n alma a\u015famas\u0131na gelebilmesi i\u00e7in \u00f6ncelikle finansal bilgilerin banka taraf\u0131ndan do\u011frulu\u011funun onaylanmas\u0131 gerekmektedir, bu bilgilerin kontrol\u00fc i\u00e7in gerekirse kredi kart\u0131 sahibi m\u00fc\u015fterilerle irtibata ge\u00e7ilebilmektedir. Al\u0131\u015fveri\u015f s\u0131ras\u0131nda kullan\u0131lan kredi kart\u0131 ile ilgili bilgiler 256 bit SSL (Secure Sockets Layer) protokol\u00fc ile \u015fifrelenip sorgulanmak \u00fczere ilgili bankaya ula\u015f\u0131r. Kart\u0131n kullan\u0131labilirli\u011fi onayland\u0131\u011f\u0131 takdirde al\u0131\u015fveri\u015fe devam edilir. Kartla ilgili hi\u00e7bir bilgi site taraf\u0131ndan g\u00f6r\u00fcnt\u00fclenemedi\u011finden ve kaydedilmedi\u011finden, \u00fc\u00e7\u00fcnc\u00fc \u015fah\u0131slar\u0131n herhangi bir ko\u015fulda bu bilgileri ele ge\u00e7irmesi engellenmi\u015f olur. Kredi kart\u0131 bilgilerinizi girdi\u011finiz sayfada bulunan kilit resmi ve site adresinin ba\u015f\u0131ndaki \u201chttps:\/\/\u201d ibaresi bu sayfan\u0131n SSL ile \u015fifrelendi\u011fini g\u00f6sterir ve \u00fczerine t\u0131klad\u0131\u011f\u0131n\u0131zda \u015fifrelemenin hangi firmaya ait oldu\u011funu belirtir.<\/p><p>256 Bit SSL Sertifikal\u0131 \u00d6deme Sistemi Nedir? Secure Sockets Layer (SSL) 1995 y\u0131l\u0131nda internet \u00fczerinde g\u00fcvenli veri al\u0131\u015fveri\u015fi sa\u011flayabilmek amac\u0131yla geli\u015ftirilmi\u015ftir. \u015eu anda d\u00fcnyada sanal ticaret i\u015flemlerinde s\u0131k\u00e7a kullan\u0131lmaktad\u0131r. SSL g\u00f6nderilen bilginin kesinlikle ve sadece do\u011fru adreste de\u015fifre edilebilmesini sa\u011flar. Bilgi g\u00f6nderilmeden \u00f6nce otomatik olarak \u015fifrelenir ve sadece do\u011fru al\u0131c\u0131 taraf\u0131ndan de\u015fifre edilebilir. Her iki tarafta da do\u011frulama yap\u0131larak i\u015flemin ve bilginin gizlili\u011fi ve b\u00fct\u00fcnl\u00fc\u011f\u00fc korunur. Veri ak\u0131\u015f\u0131nda kullan\u0131lan \u015fifreleme y\u00f6nteminin g\u00fcc\u00fc kullan\u0131lan anahtar uzunlu\u011funa ba\u011fl\u0131d\u0131r. Euroturkassist.com\u2019da sadece en geli\u015fmi\u015f teknolojilerden olan 256bit SSL \u015fifreleme kullan\u0131lmaktad\u0131r. 256 bit \u015fifrelemede 4256 de\u011fi\u015fik anahtar vard\u0131r. Bu \u015fifrenin \u00e7\u00f6z\u00fclebilmesi \u00e7ok b\u00fcy\u00fck bir maliyet ve zaman gerektirir. K\u00f6t\u00fc niyetli bir ki\u015finin 128 bit&#8217;lik \u015fifreyi \u00e7\u00f6zebilmesi i\u00e7in 2 milyon dolarl\u0131k yat\u0131r\u0131m yapt\u0131ktan sonra 134 y\u0131l gibi bir zaman harcamas\u0131 gerekir. Bu \u00f6rnekten anla\u015f\u0131ld\u0131\u011f\u0131 gibi SSL g\u00fcvenlik sistemi tam ve kesin bir koruma sa\u011flar. Bu sayede kredi Kart\u0131 bilgileriniz %100 g\u00fcvende olur. SSL&#8217;in temel \u00f6zellikleri: \u2022 \u015eifrelenmi\u015f bir ba\u011flant\u0131 kurar ve \u00fc\u00e7\u00fcnc\u00fc ki\u015filer bu bilgiyi edinse bile \u00e7\u00f6zemezler, \u2022 Haberle\u015fmenin bir ucundaki (ziyaret\u00e7i) di\u011fer u\u00e7takinin (site) kimli\u011fini do\u011frulayabilir, \u2022 G\u00fcvenilirdir \u00e7\u00fcnk\u00fc ileti\u015fim s\u0131ras\u0131nda, tamaml\u0131k (integrity) kontrol\u00fc de yap\u0131l\u0131r. Sayfan\u0131n SSL ile \u015fifrelenip \u015fifrelenmedi\u011fini nas\u0131l anlars\u0131n\u0131z? Bir web sitesinde gezerken web taray\u0131c\u0131n\u0131z http ad\u0131 verilen bir protokol kullanmaktad\u0131r.<\/p><p>Bu nedenle web sitesinin adres sat\u0131r\u0131n\u0131n ba\u015f\u0131nda ileti\u015fimin bu protokol \u00fczerinden y\u00fcr\u00fct\u00fclece\u011fini belirten http:\/\/ \u015feklinde ba\u015flayan ibareyi g\u00f6r\u00fcrs\u00fcn\u00fcz. SSL ile \u015fifrelenmi\u015f bir sayfaya ge\u00e7ti\u011finizde bu protokol yerine HTTPS protokol\u00fc kullan\u0131ld\u0131\u011f\u0131ndan adres sat\u0131r\u0131n\u0131n https:\/\/ \u015feklinde ba\u015flad\u0131\u011f\u0131n\u0131 g\u00f6rebilirsiniz. EuroT\u00fcrkAssist. Yol Yard\u0131m, bu metin i\u00e7indeki her t\u00fcrl\u00fc bilgiyi de\u011fi\u015ftirme hakk\u0131n\u0131 sakl\u0131 tutar. Kullan\u0131c\u0131n\u0131n bu siteyi ziyaret etmesi, bu \u201cGizlilik Politikas\u0131\u201dnda yap\u0131lacak her t\u00fcrl\u00fc d\u00fczenleme ve de\u011fi\u015fikli\u011fi kabul etmi\u015f say\u0131laca\u011f\u0131 anlam\u0131na gelmektedir.<\/p><p>E-posta: info @ dtac.eu \u0130leti\u015fim adresi: EuroT\u00fcrkAssist Yol Yard\u0131m,S\u0131laYolu Avrupa T\u00fcrk Otomobil Kul\u00fcb\u00fc<\/p>","protected":false},"excerpt":{"rendered":"<p>[customer-area \/] Gizlilik S\u00f6zle\u015fmesi www.euroturkassist.com sitesi olarak ki\u015fisel gizlilik haklar\u0131n\u0131za sayg\u0131 duyuyor ve sitemizde ge\u00e7irdi\u011finiz s\u00fcre zarf\u0131nda bunu sa\u011flamaya \u00e7al\u0131\u015f\u0131yoruz. Ki\u015fisel bilgilerinizin g\u00fcvenli\u011fi ile ilgili a\u00e7\u0131klamalar a\u015fa\u011f\u0131da a\u00e7\u0131klanm\u0131\u015f ve bilginize sunulmu\u015ftur. Kay\u0131t Dosyalar\u0131 Bir\u00e7ok standart web sunucusunda oldu\u011fu gibi www.euroturkassist.com\u2019da da istatistiksel ama\u00e7l\u0131 log dosyalar\u0131 kayd\u0131 tutmaktad\u0131r. Bu dosyalar; ip adresiniz, internet servis sa\u011flay\u0131c\u0131n\u0131z, taray\u0131c\u0131n\u0131z\u0131n [&hellip;]<\/p>\n","protected":false},"author":1,"featured_media":0,"parent":0,"menu_order":1,"comment_status":"closed","ping_status":"closed","template":"","meta":{"_monsterinsights_skip_tracking":false,"_monsterinsights_sitenote_active":false,"_monsterinsights_sitenote_note":"","_monsterinsights_sitenote_category":0,"footnotes":""},"class_list":["post-3337","page","type-page","status-publish","hentry"],"_links":{"self":[{"href":"https:\/\/www.turkiyeyolyardimi.com\/yol-yardim\/wp-json\/wp\/v2\/pages\/3337","targetHints":{"allow":["GET"]}}],"collection":[{"href":"https:\/\/www.turkiyeyolyardimi.com\/yol-yardim\/wp-json\/wp\/v2\/pages"}],"about":[{"href":"https:\/\/www.turkiyeyolyardimi.com\/yol-yardim\/wp-json\/wp\/v2\/types\/page"}],"author":[{"embeddable":true,"href":"https:\/\/www.turkiyeyolyardimi.com\/yol-yardim\/wp-json\/wp\/v2\/users\/1"}],"replies":[{"embeddable":true,"href":"https:\/\/www.turkiyeyolyardimi.com\/yol-yardim\/wp-json\/wp\/v2\/comments?post=3337"}],"version-history":[{"count":2,"href":"https:\/\/www.turkiyeyolyardimi.com\/yol-yardim\/wp-json\/wp\/v2\/pages\/3337\/revisions"}],"predecessor-version":[{"id":3978,"href":"https:\/\/www.turkiyeyolyardimi.com\/yol-yardim\/wp-json\/wp\/v2\/pages\/3337\/revisions\/3978"}],"wp:attachment":[{"href":"https:\/\/www.turkiyeyolyardimi.com\/yol-yardim\/wp-json\/wp\/v2\/media?parent=3337"}],"curies":[{"name":"wp","href":"https:\/\/api.w.org\/{rel}","templated":true}]}}