{"id":5319,"date":"2025-06-02T16:59:29","date_gmt":"2025-06-02T16:59:29","guid":{"rendered":"https:\/\/www.turkiyeyolyardimi.com\/yol-yardim\/?page_id=5319"},"modified":"2025-06-05T13:15:38","modified_gmt":"2025-06-05T13:15:38","slug":"comfort-plus-sozlesme-sartlari","status":"publish","type":"page","link":"https:\/\/www.turkiyeyolyardimi.com\/yol-yardim\/comfort-plus-sozlesme-sartlari\/","title":{"rendered":"Comfort Plus S\u00f6zle\u015fme \u015eartlar\u0131"},"content":{"rendered":"<p><strong>\u015eartlar ve ko\u015fullar<\/strong><\/p><p><strong>\u00dcyelik ba\u015fvuru \u015fartlar\u0131<\/strong><strong><\/strong><\/p><p>Ba\u015fvuru ve beyan formunu okuyup, anlad\u0131\u011f\u0131n\u0131za ve kabul etti\u011finize dair onay vermeniz gerekiyor. Ayr\u0131ca, verdi\u011finiz bilgilerin do\u011fru oldu\u011funu onaylamak \u00f6nemlidir. Ba\u015fvurunuzun i\u015fleme al\u0131nmas\u0131 ve g\u00fcvenli\u011finiz i\u00e7in eksiksiz ve do\u011fru bilgi vermeniz gerekmektedir.<strong><\/strong><\/p><p>Kay\u0131t tamamland\u0131\u011f\u0131nda, SMS ile gelen s\u00f6zle\u015fmenin onaylanmas\u0131 gerekmektedir. Aksi halde, \u00fcyelik aktif olmayacakt\u0131r.<\/p><p>\u00d6deme, banka hesab\u0131n\u0131zdan yap\u0131lacak ve s\u00f6zle\u015fme tarihinden 14 g\u00fcn sonra SEPA Lastschrift y\u00f6ntemiyle, 1 y\u0131ll\u0131k tutar (12 ayl\u0131k) olarak tahsil edilecektir.<\/p><p>SEPA otomatik \u00f6deme talimat\u0131, \u00fcyelik \u00f6demelerinin otomatik olarak hesab\u0131mdan tahsil edilmesi i\u00e7in. (Alacakl\u0131 kimlik numaras\u0131 DE41ZZZ00000470360 ile Stuttgart&#8217;taki 227, 70374\u2026..)<\/p><p>ve ayn\u0131 zamanda, Bankama, hesab\u0131mdan ACE-Wirtschaftsdienst GmbH taraf\u0131ndan \u00e7ekilen otomatik \u00f6demelerin dikkate al\u0131nmas\u0131n\u0131 talep ediyor ve otamatik \u00f6demelerin yap\u0131lmas\u0131 talimat\u0131n\u0131 veriyorum.<\/p><p><strong>\u00d6deme yap\u0131l\u0131\u015f \u015fekli: <\/strong><strong><\/strong><\/p><p>Y\u0131ll\u0131k \u00fcyelik, E.T.A &nbsp;ve ACE Kul\u00fcp ile Yol yard\u0131m\u0131 \u00fcyelik \u00fccreti, \u00fcyelili\u011fin ba\u015flad\u0131\u011f\u0131 ilk 12 ay i\u00e7in hesaplan\u0131r. Sonraki \u00f6deme d\u00f6neminde, Yol Yard\u0131m \u00fccreti, s\u00f6zle\u015fme biti\u015f tarihinden 31 Aral\u0131k&#8217;a kadar kalan s\u00fcreye g\u00f6re oransal olarak hesaplan\u0131r.<\/p><p>S\u00f6zle\u015fme tarihi 01. 04. 2024 ile 01. 04. 2025 aras\u0131nda 1 y\u0131l olarak belirlenmi\u015ftir. 02. 04. 2025 &#8211; 31. 12. 2025 tarihleri aras\u0131nda kalan 8 ayl\u0131k tutar oransal olarak hesaplanarak tahsil edilir.<\/p><p>\u00d6deme iptali i\u00e7in, \u00f6deme tarihinden 8 hafta i\u00e7inde banka hesab\u0131ndan \u00e7ekilen tutar\u0131n iadesini bankadan talep edebilirsiniz. Banka ile yapt\u0131\u011f\u0131n\u0131z s\u00f6zle\u015fme \u015fartlar\u0131 bu durumda ge\u00e7erlidir. Yetki referans numaras\u0131 ayr\u0131ca iletilmektedir.<\/p><p><strong>\u00d6deme iptali sonras\u0131 ne olur.<\/strong><strong><\/strong><\/p><p>\u0130ptal edilen s\u00f6zle\u015fmeler ge\u00e7erlili\u011fini yitirir ve \u00fcyeli\u011finiz de iptal olur. S\u00f6zle\u015fme ko\u015fullar\u0131na g\u00f6re, \u00f6demesi yap\u0131lmayan veya bankas\u0131 taraf\u0131ndan \u00f6demesi geri \u00e7evrilen \u00fcyelikler aktif olmayacak ve iptal edilecektir.<\/p><p>E. T. A T\u00fcrkiye yol yard\u0131m paketi \u015fartlar\u0131 sadece EUROTRANS ASS\u0130STANCE YOL YARDIM H\u0130ZMETLER\u0130 L\u0130M\u0130TED \u015e\u0130RKET\u0130 taraf\u0131ndan olu\u015fturulan \u00fcyelikler i\u00e7in ge\u00e7erlidir. Daha \u00f6nce veya do\u011frudan ACE Club \u00fcyesi olanlar bu paket \u015fartlar\u0131n\u0131n d\u0131\u015f\u0131ndad\u0131r.<\/p><p><strong>ACE online ma\u011fazas\u0131n\u0131n m\u00fc\u015fteri bilgilerine ili\u015fkin genel \u015fartlar ve ko\u015fullar<\/strong><\/p><p><strong>Cayma Hakk\u0131<\/strong><\/p><p>Cayma hakk\u0131n\u0131z\u0131 kullanmak i\u00e7in, ACE Auto Club Europa e. V. adresine a\u00e7\u0131k bir beyan g\u00f6ndermelisiniz. \u0130ptal karar\u0131 i\u00e7in info@ace. de adresine e-posta g\u00f6nderebilirsiniz. Web sitemizde iptal formunu doldurup g\u00f6ndermek de m\u00fcmk\u00fcnd\u00fcr; bu durumda onay alacaks\u0131n\u0131z. \u0130ptal bildirimini s\u00fcresi i\u00e7inde g\u00f6ndermeniz yeterlidir. Geri \u00f6deme i\u00e7in ise, orijinal \u00f6deme y\u00f6ntemi kullan\u0131lacak ve sizden \u00fccret al\u0131nmayacakt\u0131r.<strong><\/strong><\/p><p><strong>Yol Yard\u0131m Sigortas\u0131nda ACE Sigorta \u015firketinin &nbsp;\u015eartlar\u0131 ve Ko\u015fullar\u0131 Ge\u00e7erlidir.<\/strong><\/p><p><strong>1. Kapsam<\/strong><\/p><p><strong>1.1<\/strong>&nbsp;&nbsp;ACE-Wirtschaftsdienst GmbH&#8217;nin (bundan b\u00f6yle &#8220;Sat\u0131c\u0131&#8221;) bu Genel \u015eartlar ve Ko\u015fullar\u0131 (bundan b\u00f6yle &#8220;GTC&#8221;), bir t\u00fcketici veya giri\u015fimci (bundan b\u00f6yle &#8220;M\u00fc\u015fteri&#8221;) ile Sat\u0131c\u0131 aras\u0131nda Sat\u0131c\u0131n\u0131n \u00e7evrimi\u00e7i ma\u011fazas\u0131nda sundu\u011fu mallar ile ilgili olarak akdedilen t\u00fcm mal teslimat\u0131 s\u00f6zle\u015fmeleri i\u00e7in ge\u00e7erlidir. Aksi kararla\u015ft\u0131r\u0131lmad\u0131\u011f\u0131 takdirde, M\u00fc\u015fterinin kendi \u015fart ve ko\u015fullar\u0131n\u0131n dahil edilmesi hari\u00e7 tutulmu\u015ftur.<\/p><p><strong>1.2<\/strong>&nbsp;&nbsp;Bu \u015eartlar ve Ko\u015fullar anlam\u0131nda bir t\u00fcketici, a\u011f\u0131rl\u0131kl\u0131 olarak ticari veya ba\u011f\u0131ms\u0131z mesleki olmayan ama\u00e7lar i\u00e7in yasal bir i\u015flem yapan herhangi bir ger\u00e7ek ki\u015fidir. Bu \u015eartlar ve Ko\u015fullar anlam\u0131nda bir giri\u015fimci, yasal bir i\u015flem yaparken ticari veya ba\u011f\u0131ms\u0131z mesleki faaliyetlerini icra eden ger\u00e7ek veya t\u00fczel ki\u015fi veya yasal kapasiteye sahip bir ortakl\u0131kt\u0131r.<\/p><p><strong>2. S\u00f6zle\u015fmenin akdedilmesi<\/strong><\/p><p>Sat\u0131nalma s\u00f6zle\u015fmesi ACE-Wirtschaftsdienst GmbH, Schmidener Str. 227, 70374 Stuttgart ile imzalanm\u0131\u015ft\u0131r.<\/p><p><strong>2.1<\/strong>&nbsp;&nbsp;Sat\u0131c\u0131n\u0131n online ma\u011fazas\u0131nda yer alan \u00fcr\u00fcn a\u00e7\u0131klamalar\u0131, Sat\u0131c\u0131 a\u00e7\u0131s\u0131ndan ba\u011flay\u0131c\u0131 teklif te\u015fkil etmez, ancak M\u00fc\u015fteri taraf\u0131ndan ba\u011flay\u0131c\u0131 bir teklif sunulmas\u0131 amac\u0131na hizmet eder.<\/p><p><strong>2.2<\/strong>&nbsp;&nbsp;M\u00fc\u015fteri, sat\u0131c\u0131n\u0131n \u00e7evrimi\u00e7i ma\u011fazas\u0131na entegre edilmi\u015f \u00e7evrimi\u00e7i sipari\u015f formu arac\u0131l\u0131\u011f\u0131yla teklifini g\u00f6nderebilir. Se\u00e7ilen \u00fcr\u00fcnleri sanal al\u0131\u015fveri\u015f sepetine yerle\u015ftirdikten ve elektronik sipari\u015f s\u00fcrecini tamamlad\u0131ktan sonra, m\u00fc\u015fteri sipari\u015f s\u00fcrecini tamamlayan d\u00fc\u011fmeye t\u0131klayarak al\u0131\u015fveri\u015f sepetinde bulunan \u00fcr\u00fcnler i\u00e7in yasal olarak ba\u011flay\u0131c\u0131 bir s\u00f6zle\u015fmesel teklif sunar. Ayr\u0131ca, m\u00fc\u015fteri teklifi sat\u0131c\u0131ya telefon, e-posta veya posta yoluyla da g\u00f6nderebilir.<\/p><p><strong>2.3<\/strong>&nbsp;&nbsp;Sat\u0131c\u0131, M\u00fc\u015fterinin teklifini be\u015f g\u00fcn i\u00e7inde kabul edebilir<br>: &#8211; M\u00fc\u015fteriye yaz\u0131l\u0131 sipari\u015f onay\u0131 veya metin bi\u00e7iminde sipari\u015f onay\u0131 (faks veya e-posta) g\u00f6ndererek, bu durumda sipari\u015f onay\u0131n\u0131n M\u00fc\u015fteri taraf\u0131ndan al\u0131nmas\u0131 belirleyici olacakt\u0131r veya<br>&#8211; Sipari\u015f edilen mal\u0131 M\u00fc\u015fteriye teslim ederek, bu durumda mal\u0131n M\u00fc\u015fteri taraf\u0131ndan al\u0131nmas\u0131 belirleyici olacakt\u0131r veya<br>&#8211; Sipari\u015fi verdikten sonra M\u00fc\u015fteriden \u00f6deme talep ederek.<\/p><p>Yukar\u0131da belirtilen alternatiflerden birka\u00e7\u0131 mevcutsa, s\u00f6zle\u015fme yukar\u0131da belirtilen alternatiflerden birinin ilk ger\u00e7ekle\u015fti\u011fi anda akdedilmi\u015f say\u0131l\u0131r. Teklifin kabul s\u00fcresi, teklifin m\u00fc\u015fteri taraf\u0131ndan g\u00f6nderilmesinden sonraki g\u00fcn ba\u015flar ve teklifin g\u00f6nderilmesinden sonraki be\u015finci g\u00fcn\u00fcn sonunda sona erer. Sat\u0131c\u0131, m\u00fc\u015fterinin teklifini yukar\u0131da belirtilen s\u00fcre i\u00e7inde kabul etmezse, bu teklifin reddedildi\u011fi anlam\u0131na gelir ve bunun sonucunda m\u00fc\u015fteri art\u0131k niyet beyan\u0131yla ba\u011fl\u0131 olmaz.<\/p><p><strong>2.4<\/strong>&nbsp;&nbsp;Sat\u0131c\u0131n\u0131n \u00e7evrimi\u00e7i sipari\u015f formu arac\u0131l\u0131\u011f\u0131yla bir teklif g\u00f6nderildi\u011finde, s\u00f6zle\u015fme metni s\u00f6zle\u015fme imzaland\u0131ktan sonra Sat\u0131c\u0131 taraf\u0131ndan kaydedilecek ve sipari\u015f g\u00f6nderildikten sonra M\u00fc\u015fteriye metin bi\u00e7iminde (\u00f6rne\u011fin, e-posta, faks veya mektup) g\u00f6nderilecektir. Sat\u0131c\u0131, s\u00f6zle\u015fme metnini bu s\u00fcreden sonra kullan\u0131ma sunmayacakt\u0131r. M\u00fc\u015fteri sipari\u015fini g\u00f6ndermeden \u00f6nce Sat\u0131c\u0131n\u0131n \u00e7evrimi\u00e7i ma\u011fazas\u0131nda bir kullan\u0131c\u0131 hesab\u0131 olu\u015fturduysa, sipari\u015f verileri Sat\u0131c\u0131n\u0131n web sitesinde ar\u015fivlenecek ve M\u00fc\u015fteri taraf\u0131ndan ilgili oturum a\u00e7ma verilerini girerek parola korumal\u0131 kullan\u0131c\u0131 hesab\u0131 \u00fczerinden \u00fccretsiz olarak eri\u015filebilir olacakt\u0131r.<\/p><p><strong>2.5<\/strong>&nbsp;&nbsp;M\u00fc\u015fteri, Sat\u0131c\u0131n\u0131n \u00e7evrimi\u00e7i sipari\u015f formu arac\u0131l\u0131\u011f\u0131yla ba\u011flay\u0131c\u0131 bir sipari\u015f g\u00f6ndermeden \u00f6nce, ekranda g\u00f6r\u00fcnt\u00fclenen bilgileri dikkatlice okuyarak olas\u0131 giri\u015f hatalar\u0131n\u0131 belirleyebilir. Giri\u015f hatalar\u0131n\u0131n daha iyi tespiti i\u00e7in etkili bir teknik ara\u00e7, ekrandaki g\u00f6r\u00fcnt\u00fcy\u00fc b\u00fcy\u00fcten taray\u0131c\u0131n\u0131n yak\u0131nla\u015ft\u0131rma i\u015flevi olabilir. Elektronik sipari\u015f s\u00fcreci s\u0131ras\u0131nda M\u00fc\u015fteri, sipari\u015f s\u00fcrecini tamamlayan d\u00fc\u011fmeye t\u0131klayana kadar giri\u015flerini normal klavye ve fare i\u015flevlerini kullanarak d\u00fczeltebilir.<\/p><p><strong>2.6<\/strong>&nbsp;&nbsp;S\u00f6zle\u015fmenin akdedilmesinde yaln\u0131zca Almanca dili kullan\u0131labilir.<\/p><p><strong>2.7<\/strong>&nbsp;&nbsp;Sipari\u015f i\u015fleme ve ileti\u015fim genellikle e-posta ve otomatik sipari\u015f i\u015fleme yoluyla ger\u00e7ekle\u015ftirilir. M\u00fc\u015fteri, sipari\u015f i\u015fleme i\u00e7in sa\u011flanan e-posta adresinin do\u011fru oldu\u011fundan emin olmal\u0131d\u0131r, b\u00f6ylece sat\u0131c\u0131 taraf\u0131ndan g\u00f6nderilen e-postalar bu adresten al\u0131nabilir. \u00d6zellikle, spam filtreleri kullan\u0131ld\u0131\u011f\u0131nda, m\u00fc\u015fteri, sat\u0131c\u0131 veya sat\u0131c\u0131 taraf\u0131ndan sipari\u015fi i\u015flemek \u00fczere g\u00f6revlendirilen \u00fc\u00e7\u00fcnc\u00fc taraflarca g\u00f6nderilen t\u00fcm e-postalar\u0131n teslim edilebildi\u011finden emin olmal\u0131d\u0131r.<\/p><p><strong>3. Cayma hakk\u0131<\/strong><\/p><p><strong>3.1<\/strong>&nbsp;&nbsp;T\u00fcketicilerin genel olarak cayma hakk\u0131 bulunmaktad\u0131r.<\/p><p><strong>3.2<\/strong>&nbsp;&nbsp;Cayma hakk\u0131 hakk\u0131nda daha detayl\u0131 bilgi sat\u0131c\u0131n\u0131n iptal politikas\u0131nda yer almaktad\u0131r.<\/p><p><strong>4. Fiyatlar ve \u00f6deme ko\u015fullar\u0131<\/strong><\/p><p><strong>4.1<\/strong>&nbsp;&nbsp;Sat\u0131c\u0131n\u0131n \u00fcr\u00fcn a\u00e7\u0131klamas\u0131nda aksi belirtilmedi\u011fi s\u00fcrece, belirtilen fiyatlar yasal sat\u0131\u015f vergisi dahil toplam fiyatlard\u0131r. Herhangi bir ek teslimat ve nakliye maliyeti ilgili \u00fcr\u00fcn a\u00e7\u0131klamas\u0131nda ayr\u0131 olarak belirtilecektir.<\/p><p><strong>4.2<\/strong>&nbsp;&nbsp;\u00d6deme se\u00e7ene\u011fi\/se\u00e7enekleri, sat\u0131c\u0131n\u0131n online ma\u011fazas\u0131nda m\u00fc\u015fteriye bildirilecektir.<\/p><p><strong>4.3<\/strong>&nbsp;&nbsp;Banka havalesi ile avans \u00f6demesi kararla\u015ft\u0131r\u0131lm\u0131\u015fsa, taraflar daha sonraki bir vade tarihi \u00fczerinde anla\u015fmam\u0131\u015flarsa, \u00f6deme s\u00f6zle\u015fmenin kurulmas\u0131ndan hemen sonra yap\u0131l\u0131r.<\/p><p><strong>4.4<\/strong>&nbsp;&nbsp;\u00d6deme y\u00f6ntemi olarak SEPA Otomatik \u00d6deme se\u00e7ilirse, fatura tutar\u0131 SEPA Otomatik \u00d6deme talimat\u0131 verildikten sonra, ancak \u00f6n bildirim s\u00fcresinin bitiminden \u00f6nce \u00f6denir. Otomatik \u00f6deme, sipari\u015f edilen mallar sat\u0131c\u0131n\u0131n deposundan \u00e7\u0131kt\u0131\u011f\u0131nda, ancak \u00f6n bildirim s\u00fcresinin bitiminden \u00f6nce \u00f6denmez. \u00d6n bildirim (&#8220;\u00f6n bildirim&#8221;), sat\u0131c\u0131dan m\u00fc\u015fteriye SEPA Otomatik \u00d6deme yoluyla bir bor\u00e7land\u0131rmay\u0131 duyuran herhangi bir ileti\u015fimdir (\u00f6rne\u011fin, fatura, politika, s\u00f6zle\u015fme). Otomatik \u00f6deme, yetersiz hesap bakiyesi veya yanl\u0131\u015f banka bilgileri sa\u011flanmas\u0131 nedeniyle kabul edilmezse veya m\u00fc\u015fteri yetkisiz olmas\u0131na ra\u011fmen bor\u00e7land\u0131rmaya itiraz ederse, m\u00fc\u015fteri bundan sorumluysa, ilgili kredi kurulu\u015funun geri \u00f6deme i\u00e7in katland\u0131\u011f\u0131 \u00fccretleri m\u00fc\u015fteri kar\u015f\u0131lamal\u0131d\u0131r.<\/p><p><strong>5. Teslimat ve g\u00f6nderim ko\u015fullar\u0131<\/strong><\/p><p><strong>5.1<\/strong>&nbsp;&nbsp;Aksi kararla\u015ft\u0131r\u0131lmad\u0131\u011f\u0131 takdirde, mallar m\u00fc\u015fteri taraf\u0131ndan sa\u011flanan teslimat adresine teslim edilecektir. Sat\u0131c\u0131n\u0131n sipari\u015f i\u015fleme s\u0131ras\u0131nda sa\u011flad\u0131\u011f\u0131 teslimat adresi, i\u015flemin i\u015flenmesi i\u00e7in belirleyicidir.<\/p><p><strong>5.2<\/strong>&nbsp;M\u00fc\u015fterinin sorumlu oldu\u011fu sebeplerden dolay\u0131 mallar\u0131n teslimat\u0131 ba\u015far\u0131s\u0131z olursa, m\u00fc\u015fteri sat\u0131c\u0131n\u0131n bundan dolay\u0131 katland\u0131\u011f\u0131 makul masraflar\u0131 \u00fcstlenir. M\u00fc\u015fteri cayma hakk\u0131n\u0131 etkin bir \u015fekilde kullan\u0131rsa, bu nakliye masraflar\u0131 i\u00e7in ge\u00e7erli de\u011fildir. M\u00fc\u015fteri cayma hakk\u0131n\u0131 etkin bir \u015fekilde kullan\u0131rsa, sat\u0131c\u0131n\u0131n iptal politikas\u0131ndaki h\u00fck\u00fcmler iade nakliye masraflar\u0131 i\u00e7in ge\u00e7erli olur.<\/p><p><strong>5.3<\/strong>&nbsp;&nbsp;Lojistik nedenlerden dolay\u0131 kendi kendine teslim alma m\u00fcmk\u00fcn de\u011fildir.<\/p><p><strong>6. M\u00fclkiyetin sakl\u0131 tutulmas\u0131<\/strong><\/p><p>Sat\u0131c\u0131 pe\u015fin \u00f6deme yaparsa, sat\u0131n alma bedeli tamamen \u00f6deninceye kadar teslim edilen mallar\u0131n m\u00fclkiyeti ona ait olur.<\/p><p><strong>7. Kusur sorumlulu\u011fu (garanti)<\/strong><\/p><p><strong>7.1<\/strong>&nbsp;&nbsp;Sat\u0131n al\u0131nan \u00fcr\u00fcn\u00fcn ay\u0131pl\u0131 olmas\u0131 halinde, ay\u0131plara ili\u015fkin yasal sorumluluk uygulan\u0131r.<\/p><p><strong>7.2<\/strong>&nbsp;&nbsp;M\u00fc\u015fteriden, bariz nakliye hasar\u0131yla teslim edilen mallar\u0131 teslimat g\u00f6revlisine bildirmesi ve bunu sat\u0131c\u0131ya bildirmesi rica olunur. M\u00fc\u015fterinin bunu yapmamas\u0131, kusurlara ili\u015fkin yasal veya s\u00f6zle\u015fmesel taleplerini etkilemeyecektir.<\/p><p><strong>8. Uygulanacak hukuk<\/strong><\/p><p>Taraflar aras\u0131ndaki t\u00fcm hukuki ili\u015fkiler, ta\u015f\u0131n\u0131r mallar\u0131n uluslararas\u0131 sat\u0131\u015f\u0131n\u0131 d\u00fczenleyen yasalar hari\u00e7 olmak \u00fczere, Federal Almanya Cumhuriyeti yasalar\u0131na tabidir. T\u00fcketiciler i\u00e7in, bu hukuk se\u00e7imi yaln\u0131zca t\u00fcketicinin daimi ikametgah\u0131n\u0131n bulundu\u011fu \u00fclkenin hukukunun zorunlu h\u00fck\u00fcmleri taraf\u0131ndan verilen koruman\u0131n geri \u00e7ekilmedi\u011fi \u00f6l\u00e7\u00fcde ge\u00e7erlidir.<\/p><p><strong>9. Yarg\u0131 yetkisinin yeri<\/strong><\/p><p>M\u00fc\u015fteri bir t\u00fcccar, kamu hukukuna tabi bir t\u00fczel ki\u015fi veya Federal Almanya Cumhuriyeti&#8217;nde kay\u0131tl\u0131 ofisi bulunan kamu hukukuna tabi \u00f6zel bir fon ise, bu s\u00f6zle\u015fmeden do\u011fan t\u00fcm uyu\u015fmazl\u0131klar i\u00e7in m\u00fcnhas\u0131r yarg\u0131 yeri sat\u0131c\u0131n\u0131n i\u015f yeridir. M\u00fc\u015fteri Federal Almanya Cumhuriyeti d\u0131\u015f\u0131nda bulunuyorsa, s\u00f6zle\u015fme veya s\u00f6zle\u015fmeden do\u011fan talepler m\u00fc\u015fterinin mesleki veya ticari faaliyetine atfedilebiliyorsa, bu s\u00f6zle\u015fmeden do\u011fan t\u00fcm uyu\u015fmazl\u0131klar i\u00e7in m\u00fcnhas\u0131r yarg\u0131 yeri sat\u0131c\u0131n\u0131n i\u015f yeridir. Ancak yukar\u0131daki durumlarda, sat\u0131c\u0131 her hal\u00fckarda m\u00fc\u015fterinin i\u015f yerindeki mahkemede dava a\u00e7ma hakk\u0131na sahiptir.<\/p><p><strong>10. Alternatif uyu\u015fmazl\u0131k \u00e7\u00f6z\u00fcm\u00fc<\/strong><\/p><p><strong>10.1<\/strong>&nbsp;&nbsp;AB Komisyonu, a\u015fa\u011f\u0131daki ba\u011flant\u0131da \u00e7evrimi\u00e7i bir uyu\u015fmazl\u0131k \u00e7\u00f6z\u00fcm platformu sunmaktad\u0131r:&nbsp;&nbsp;<a href=\"https:\/\/ec.europa.eu\/consumers\/odr\" target=\"_blank\" rel=\"noreferrer noopener\">https:\/\/ec.europa.eu\/consumers\/odr<\/a>&nbsp;. Bu platform, bir t\u00fcketiciyi ilgilendiren \u00e7evrimi\u00e7i sat\u0131\u015f veya hizmet s\u00f6zle\u015fmelerinden kaynaklanan uyu\u015fmazl\u0131klar\u0131n mahkeme d\u0131\u015f\u0131 \u00e7\u00f6z\u00fcm\u00fc i\u00e7in bir irtibat noktas\u0131 g\u00f6revi g\u00f6rmektedir.<\/p><p><strong>10.2<\/strong>&nbsp;&nbsp;Sat\u0131c\u0131, t\u00fcketici hakem heyeti nezdinde uyu\u015fmazl\u0131k \u00e7\u00f6z\u00fcm s\u00fcrecine kat\u0131lma y\u00fck\u00fcml\u00fcl\u00fc\u011f\u00fcnde veya iste\u011finde de\u011fildir.<\/p><p>Internet portal ace. de&#8217;nin sa\u011flay\u0131c\u0131s\u0131 ACE-Wirtschaftsdienst GmbH&#8217;d\u0131r. Adresi Schmidener Str. 227, 70374 Stuttgart&#8217;t\u0131r. Telefon numaras\u0131 0711\/53 03-0, faks numaras\u0131 0711\/53 03-168 ve e-posta adresi info@ace. de&#8217;dir. \u015eirketin y\u00f6neticileri Stefan Heimlich ve Karlheinz Stockfisch&#8217;tir. \u015eirket Stuttgart&#8217;taki mahkemede kay\u0131tl\u0131d\u0131r ve kay\u0131t numaras\u0131 HRB 3286&#8217;d\u0131r. Vergi kimlik numaras\u0131 DE275738766&#8217;d\u0131r. \u015eirket, Almanya&#8217;da \u00a7 34d Abs. 1 GewO uyar\u0131nca lisansl\u0131 sigorta temsilcisi olarak hizmet vermektedir. DIHK (Alman Sanayi ve Ticaret Odas\u0131) taraf\u0131ndan y\u00f6netilen ortak kay\u0131t yeri, \u00a7 11a Abs. 1 ve \u00a7 34 GewO&#8217;ya g\u00f6re d\u00fczenlenmi\u015ftir.<\/p><p>S\u00f6zle\u015fme esnas\u0131nda yada s\u00f6zle\u015fmeyi yapmadan \u00f6nce ,kullan\u0131m \u015fartlar\u0131n\u0131 okumu\u015f ve kabul etmi\u015f olursunuz.<\/p><p><\/p>","protected":false},"excerpt":{"rendered":"<p>\u015eartlar ve ko\u015fullar \u00dcyelik ba\u015fvuru \u015fartlar\u0131 Ba\u015fvuru ve beyan formunu okuyup, anlad\u0131\u011f\u0131n\u0131za ve kabul etti\u011finize dair onay vermeniz gerekiyor. Ayr\u0131ca, verdi\u011finiz bilgilerin do\u011fru oldu\u011funu onaylamak \u00f6nemlidir. Ba\u015fvurunuzun i\u015fleme al\u0131nmas\u0131 ve g\u00fcvenli\u011finiz i\u00e7in eksiksiz ve do\u011fru bilgi vermeniz gerekmektedir. Kay\u0131t tamamland\u0131\u011f\u0131nda, SMS ile gelen s\u00f6zle\u015fmenin onaylanmas\u0131 gerekmektedir. Aksi halde, \u00fcyelik aktif olmayacakt\u0131r. \u00d6deme, banka hesab\u0131n\u0131zdan yap\u0131lacak [&hellip;]<\/p>\n","protected":false},"author":1,"featured_media":0,"parent":0,"menu_order":0,"comment_status":"closed","ping_status":"closed","template":"","meta":{"_monsterinsights_skip_tracking":false,"_monsterinsights_sitenote_active":false,"_monsterinsights_sitenote_note":"","_monsterinsights_sitenote_category":0,"footnotes":""},"class_list":["post-5319","page","type-page","status-publish","hentry"],"_links":{"self":[{"href":"https:\/\/www.turkiyeyolyardimi.com\/yol-yardim\/wp-json\/wp\/v2\/pages\/5319","targetHints":{"allow":["GET"]}}],"collection":[{"href":"https:\/\/www.turkiyeyolyardimi.com\/yol-yardim\/wp-json\/wp\/v2\/pages"}],"about":[{"href":"https:\/\/www.turkiyeyolyardimi.com\/yol-yardim\/wp-json\/wp\/v2\/types\/page"}],"author":[{"embeddable":true,"href":"https:\/\/www.turkiyeyolyardimi.com\/yol-yardim\/wp-json\/wp\/v2\/users\/1"}],"replies":[{"embeddable":true,"href":"https:\/\/www.turkiyeyolyardimi.com\/yol-yardim\/wp-json\/wp\/v2\/comments?post=5319"}],"version-history":[{"count":2,"href":"https:\/\/www.turkiyeyolyardimi.com\/yol-yardim\/wp-json\/wp\/v2\/pages\/5319\/revisions"}],"predecessor-version":[{"id":5341,"href":"https:\/\/www.turkiyeyolyardimi.com\/yol-yardim\/wp-json\/wp\/v2\/pages\/5319\/revisions\/5341"}],"wp:attachment":[{"href":"https:\/\/www.turkiyeyolyardimi.com\/yol-yardim\/wp-json\/wp\/v2\/media?parent=5319"}],"curies":[{"name":"wp","href":"https:\/\/api.w.org\/{rel}","templated":true}]}}