{"id":1954,"date":"2024-12-31T11:40:17","date_gmt":"2024-12-31T11:40:17","guid":{"rendered":"http:\/\/192.168.9.40\/_2014\/_04-April\/woocommerce_upd\/product\/product-14\/"},"modified":"2026-03-11T13:10:37","modified_gmt":"2026-03-11T13:10:37","slug":"product-14","status":"publish","type":"product","link":"https:\/\/www.turkiyeyolyardimi.com\/yol-yardim\/product\/product-14\/","title":{"rendered":"Bel\u00e7ika-T\u00fcrkiye S\u0131layolu Yol Kenar\u0131 Yard\u0131m 1 Ara\u00e7+T\u00fcm Aile"},"content":{"rendered":"<p><strong>BEL\u00c7\u0130KA&#8217;DAN BA\u015eLAYAN G\u00dcVEN: S\u0131la Yolu + T\u00fcrkiye Yol Yard\u0131m Paketi<\/strong><\/p>\n<p><strong>EuroT\u00fcrkAssist (E.T.A.): Aileniz ve Arac\u0131n\u0131z Tam Koruma Alt\u0131nda<\/strong><\/p>\n<p>Bel\u00e7ika&#8217;dan yola \u00e7\u0131kan ve S\u0131la Yolu heyecan\u0131n\u0131 ya\u015fayan t\u00fcm gurbet\u00e7ilerimiz i\u00e7in tasarlanm\u0131\u015f \u00f6zel paketimiz ile tan\u0131\u015f\u0131n. <strong>EuroT\u00fcrkAssist<\/strong> olarak, siz ve ailenizin g\u00fcvenli\u011fini yolculu\u011funuzun her an\u0131nda \u00f6nemsiyoruz.<\/p>\n<p>Y\u0131ll\u0131k yol yard\u0131m paketimiz: <strong>1 Ara\u00e7 + T\u00fcm Aile (5 ki\u015fiye kadar)<\/strong> koruma sa\u011flar.<\/p>\n<p><strong>\ud83d\uddfa\ufe0f<\/strong><strong> Yolculuk Haritan\u0131z, Bizim Sorumlulu\u011fumuz<\/strong><\/p>\n<p>Bel\u00e7ika&#8217;dan anavatan\u0131n\u0131za uzanan bu \u00f6nemli seyahatte, arac\u0131n\u0131zda meydana gelebilecek t\u00fcm ar\u0131zalar i\u00e7in <strong>7\/24 kesintisiz destek<\/strong> hizmetinizde.<\/p>\n<table style=\"height: 135px;\" width=\"1185\">\n<thead>\n<tr>\n<td><span style=\"color: #333399;\"><strong>Ba\u015flang\u0131\u00e7 ve Kapsam Alan\u0131<\/strong><\/span><\/td>\n<td><span style=\"color: #333399;\"><strong>Transit \u00dclkeler (S\u0131la Yolu)<\/strong><\/span><\/td>\n<td><span style=\"color: #333399;\"><strong>Var\u0131\u015f \u00dclkesi<\/strong><\/span><\/td>\n<\/tr>\n<\/thead>\n<tbody>\n<tr>\n<td><span style=\"color: #333399;\"><strong>BEL\u00c7\u0130KA<\/strong><\/span><\/td>\n<td>Almanya, Avusturya, Slovenya, H\u0131rvatistan, S\u0131rbistan, Bulgaristan, Macaristan, Makedonya, Yunanistan<\/td>\n<td><strong>T\u00dcRK\u0130YE&#8217;nin 81 ili<\/strong><\/td>\n<\/tr>\n<\/tbody>\n<\/table>\n<p>Sadece S\u0131la Yolu g\u00fczergah\u0131nda de\u011fil, T\u00fcrkiye&#8217;nin en \u00fccra k\u00f6\u015fesinde bile bir telefon uza\u011f\u0131n\u0131zday\u0131z.<\/p>\n<p><strong>\ud83d\udcde<\/strong><strong> Bir Telefonunuz Yeter: 7\/24 Yol Kenar\u0131 Yard\u0131m<\/strong><\/p>\n<p>EuroT\u00fcrkAssist&#8217;in dev hizmet a\u011f\u0131 sayesinde, yolda kald\u0131\u011f\u0131n\u0131z anlarda en h\u0131zl\u0131 \u00e7\u00f6z\u00fcm\u00fc \u00fcretiyoruz. \u0130ster b\u00fcy\u00fck bir kaza\/motor ar\u0131zas\u0131 olsun, ister ak\u00fc bitmesi gibi k\u00fc\u00e7\u00fck bir aksakl\u0131k; <strong>Bizimle Yolda Kalmazs\u0131n\u0131z.<\/strong><\/p>\n<p><strong>\ud83d\udee0\ufe0f<\/strong><strong> Profesyonel ve H\u0131zl\u0131 M\u00fcdahale<\/strong><\/p>\n<ul>\n<li><strong>Yerinde Onar\u0131m (Mobil Destek):<\/strong> Lastik patlamas\u0131, ak\u00fc bitmesi, yak\u0131t bitmesi gibi yerinde giderilebilecek ar\u0131zalarda, profesyonel mobil ekibimiz arac\u0131n\u0131z\u0131 olay yerinde onararak seyahatinizin kesintiye u\u011framamas\u0131n\u0131 sa\u011flar.<\/li>\n<li><strong>H\u0131zl\u0131 \u00c7ekici Hizmeti:<\/strong> Arac\u0131n\u0131z\u0131n yerinde tamiri m\u00fcmk\u00fcn de\u011filse (mekanik ar\u0131za, kaza vb.), arac\u0131n\u0131z h\u0131zla en yak\u0131n anla\u015fmal\u0131 servis veya tamirhaneye \u00e7ekilir.<\/li>\n<\/ul>\n<p><strong>\u2728<\/strong><strong> Yol Yard\u0131m Hizmetinin Kapsaml\u0131 Detaylar\u0131<\/strong><\/p>\n<p>Yolculu\u011funuzun konforu i\u00e7in sundu\u011fumuz ek avantajlar:<\/p>\n<table>\n<thead>\n<tr>\n<td width=\"110\"><span style=\"color: #333399;\"><strong>Hizmet Alan\u0131<\/strong><\/span><\/td>\n<td width=\"488\"><strong><span style=\"color: #333399;\">Ayr\u0131cal\u0131klar<\/span><\/strong><\/td>\n<\/tr>\n<\/thead>\n<tbody>\n<tr>\n<td width=\"110\"><span style=\"color: #333399;\"><strong>Seyahat Deste\u011fi<\/strong><\/span><\/td>\n<td width=\"488\">Ar\u0131za nedeniyle arac\u0131n serviste kald\u0131\u011f\u0131 durumlarda:<\/td>\n<\/tr>\n<tr>\n<td width=\"110\"><\/td>\n<td width=\"488\">* T\u00fcrkiye i\u00e7inde en fazla <strong>3 g\u00fcn \u00fccretsiz kiral\u0131k ara\u00e7 (Rent a Car)<\/strong> tahsisi.<\/td>\n<\/tr>\n<tr>\n<td width=\"110\"><\/td>\n<td width=\"488\">* En fazla <strong>3 g\u00fcn otelde konaklama<\/strong> masraflar\u0131n\u0131n kar\u015f\u0131lanmas\u0131.<\/td>\n<\/tr>\n<tr>\n<td width=\"110\"><span style=\"color: #333399;\"><strong>Acil Durumlar<\/strong><\/span><\/td>\n<td width=\"488\">* Arac\u0131n\u0131z\u0131n anahtar\u0131n\u0131 kaybetmeniz durumunda <strong>Oto \u00c7ilingir hizmeti<\/strong>.*<\/td>\n<\/tr>\n<tr>\n<td width=\"110\"><\/td>\n<td width=\"488\">* Yanl\u0131\u015f yak\u0131t dolumu i\u00e7in \u00f6zel yard\u0131m hizmeti.*<\/td>\n<\/tr>\n<tr>\n<td width=\"110\"><\/td>\n<td width=\"488\">* <strong>7\/24 Profesyonel Destek.<\/strong><\/td>\n<\/tr>\n<tr>\n<td width=\"110\"><span style=\"color: #333399;\"><strong>Hukuki G\u00fcvence<\/strong><\/span><\/td>\n<td width=\"488\">T\u00fcrkiye&#8217;de olas\u0131 bir kazaya kar\u0131\u015fma durumunda, <strong>bir defaya mahsus \u00fccretsiz Avukat dan\u0131\u015fmanl\u0131k hizmeti<\/strong>.<\/td>\n<\/tr>\n<tr>\n<td width=\"110\"><span style=\"color: #333399;\"><strong>Lojistik Destek<\/strong><\/span><\/td>\n<td width=\"488\">A\u011f\u0131r kaza\/b\u00fcy\u00fck ar\u0131zalarda geri d\u00f6n\u00fc\u015f\/ula\u015f\u0131m organizasyonu ve d\u00fcnyan\u0131n her yerine indirimli u\u00e7ak bileti organizasyonu (A\u011f\u0131r kaza ve b\u00fcy\u00fck ar\u0131zalarda geri d\u00f6n\u00fc\u015f ula\u015f\u0131m organizasyonu uygun fiyatlarda u\u00e7ak biletinde yard\u0131mc\u0131 olur).*<\/td>\n<\/tr>\n<tr>\n<td width=\"110\"><span style=\"color: #333399;\"><strong>Ekstra Avantaj<\/strong><\/span><\/td>\n<td width=\"488\">T\u00fcrkiye&#8217;nin her noktas\u0131nda \u00fcyelerimize uygun fiyatlarla <strong>ara\u00e7 kiralama hizmetleri<\/strong>.<\/td>\n<\/tr>\n<\/tbody>\n<\/table>\n<p>* Bu hizmetlerin uygulama detaylar\u0131 ve kapsam s\u0131n\u0131rlar\u0131 i\u00e7in l\u00fctfen s\u00f6zle\u015fmenizi inceleyiniz.<\/p>\n<p><strong>\ud83c\udfaf<\/strong><strong> Neden EuroT\u00fcrkAssist? G\u00fcvenilir, Yerli ve B\u00fcy\u00fck!<\/strong><\/p>\n<p>EuroT\u00fcrkAssist, S\u0131la Yolu g\u00fczergah\u0131nda ve T\u00fcrkiye&#8217;nin 81 ilinde Avrupal\u0131 T\u00fcrklere hizmet veren, <strong>%100 yerli T\u00fcrk asistans firmas\u0131<\/strong> olma g\u00fcvencesini sunar.<\/p>\n<ul>\n<li><strong>Dev Hizmet A\u011f\u0131:<\/strong> Kalite ve hacim odakl\u0131 b\u00fcy\u00fcyen, bug\u00fcn <strong>5.000&#8217;e yak\u0131n<\/strong> hizmet sa\u011flay\u0131c\u0131s\u0131n\u0131n olu\u015fturdu\u011fu dev bir a\u011f ile yan\u0131n\u0131zday\u0131z.<\/li>\n<li><strong>\u00d6ncelik Sizsiniz:<\/strong> Yol Kenar\u0131 Yard\u0131m hizmetlerimiz ile sadece arac\u0131n\u0131z\u0131 de\u011fil, beraberinizdeki t\u00fcm yolcular\u0131 da \u00f6nemsiyor, en k\u0131sa s\u00fcrede g\u00fcvenli\u011finizi sa\u011fl\u0131yoruz.<\/li>\n<\/ul>\n<p><strong>\ud83d\udcdd<\/strong><strong> Hemen Sat\u0131n Al\u0131n, G\u00fcvenle Yola \u00c7\u0131k\u0131n!<\/strong><\/p>\n<p>EuroT\u00fcrkAssist S\u0131la Yolu paketini sat\u0131n alarak, Bel\u00e7ika&#8217;dan ba\u015flayan yolculu\u011funuzun t\u00fcm g\u00fczergah\u0131nda ve T\u00fcrkiye&#8217;nin her yerinde g\u00fcvence alt\u0131na girin.<\/p>\n<ul>\n<li><strong>Aktifle\u015fme S\u00fcresi:<\/strong> \u00dcyeli\u011finiz, \u00f6demenizin ge\u00e7mesinden <strong>5 g\u00fcn sonra<\/strong> aktif edilir.<\/li>\n<li><strong>Tavsiye:<\/strong> T\u00fcm hizmetlerimizden yararlanabilmeniz i\u00e7in yola \u00e7\u0131kmadan <strong>1 hafta \u00f6nce<\/strong> paketinizi sat\u0131n alarak ailenizi ve kendinizi g\u00fcven alt\u0131na al\u0131n.<\/li>\n<\/ul>\n<p><strong>Acele Durumlar \u0130\u00e7in:<\/strong> Acil yolculuk plan\u0131n\u0131z varsa, bize <strong>WhatsApp numaram\u0131zdan (+49 151 4735 1012)<\/strong> yaz\u0131n; size \u00f6zel h\u0131zl\u0131 \u00e7\u00f6z\u00fcmlerle yard\u0131mc\u0131 olal\u0131m.<\/p>\n<p><strong>\ud83d\udcde<\/strong><strong> \u0130leti\u015fim Bilgileri<\/strong><\/p>\n<ul>\n<li>Bilgi almak ve yol yard\u0131m paketi sat\u0131n almak i\u00e7in <strong>WhatsApp:<\/strong> +49 151 4735 1012 hatt\u0131m\u0131z \u00fczerinden yaz\u0131n.<\/li>\n<\/ul>\n<p><strong>E.T.A EuroT\u00fcrkAssist: Hay\u0131rl\u0131 Yolculuklar Dileriz!<\/strong><\/p>\n<p>&nbsp;<\/p>\n<p>Hizmetlerimiz sadece S\u0131laYolu g\u00fczergah\u0131 Almanya, Avusturya, Slovenya, H\u0131rvatistan,S\u0131rbistan,Macaristan,Bulgaristan, Makedonyta, Yunanistan ve T\u00fcrkiyenin 81 ilinde ge\u00e7erlidir.<\/p>\n<p>&nbsp;<\/p>\n","protected":false},"excerpt":{"rendered":"<p><strong>Bel\u00e7ika S\u0131laYolu + T\u00fcrkiye 81 ili dahil senelik yol yard\u0131m paketi. 74,00 Euro dan ba\u015flayan fiyatlarla. 1 Ara\u00e7 ve T\u00fcm Aile 5 Ki\u015fi&#8217;yi Kapsar. (1 Y\u0131l) \u015eimdi hemen sipari\u015f ver , yolda kalma<br \/>\n<\/strong><\/p>\n","protected":false},"featured_media":5007,"comment_status":"open","ping_status":"closed","template":"","meta":{"_monsterinsights_skip_tracking":false,"_monsterinsights_sitenote_active":false,"_monsterinsights_sitenote_note":"","_monsterinsights_sitenote_category":0},"product_cat":[8],"product_tag":[42,46,47,48,49,50],"class_list":{"0":"post-1954","1":"product","2":"type-product","3":"status-publish","4":"has-post-thumbnail","6":"product_cat-belcika-silayolu","7":"product_tag-almanya-silayolu","8":"product_tag-avusturya-silayolu","9":"product_tag-belcika-silayolu","10":"product_tag-fransa-silayolu","11":"product_tag-hollanda-silayolu","12":"product_tag-turkiye-yol-kenari-yardim","14":"first","15":"instock","16":"sale","17":"shipping-taxable","18":"purchasable","19":"product-type-simple"},"_links":{"self":[{"href":"https:\/\/www.turkiyeyolyardimi.com\/yol-yardim\/wp-json\/wp\/v2\/product\/1954","targetHints":{"allow":["GET"]}}],"collection":[{"href":"https:\/\/www.turkiyeyolyardimi.com\/yol-yardim\/wp-json\/wp\/v2\/product"}],"about":[{"href":"https:\/\/www.turkiyeyolyardimi.com\/yol-yardim\/wp-json\/wp\/v2\/types\/product"}],"replies":[{"embeddable":true,"href":"https:\/\/www.turkiyeyolyardimi.com\/yol-yardim\/wp-json\/wp\/v2\/comments?post=1954"}],"version-history":[{"count":26,"href":"https:\/\/www.turkiyeyolyardimi.com\/yol-yardim\/wp-json\/wp\/v2\/product\/1954\/revisions"}],"predecessor-version":[{"id":5751,"href":"https:\/\/www.turkiyeyolyardimi.com\/yol-yardim\/wp-json\/wp\/v2\/product\/1954\/revisions\/5751"}],"wp:featuredmedia":[{"embeddable":true,"href":"https:\/\/www.turkiyeyolyardimi.com\/yol-yardim\/wp-json\/wp\/v2\/media\/5007"}],"wp:attachment":[{"href":"https:\/\/www.turkiyeyolyardimi.com\/yol-yardim\/wp-json\/wp\/v2\/media?parent=1954"}],"wp:term":[{"taxonomy":"product_cat","embeddable":true,"href":"https:\/\/www.turkiyeyolyardimi.com\/yol-yardim\/wp-json\/wp\/v2\/product_cat?post=1954"},{"taxonomy":"product_tag","embeddable":true,"href":"https:\/\/www.turkiyeyolyardimi.com\/yol-yardim\/wp-json\/wp\/v2\/product_tag?post=1954"}],"curies":[{"name":"wp","href":"https:\/\/api.w.org\/{rel}","templated":true}]}}