{"id":1958,"date":"2024-12-31T12:41:04","date_gmt":"2024-12-31T12:41:04","guid":{"rendered":"http:\/\/192.168.9.40\/_2014\/_04-April\/woocommerce_upd\/product\/product-15\/"},"modified":"2026-04-05T09:45:56","modified_gmt":"2026-04-05T09:45:56","slug":"almanya-silayolu-yol-kenari-yardim","status":"publish","type":"product","link":"https:\/\/www.turkiyeyolyardimi.com\/yol-yardim\/product\/almanya-silayolu-yol-kenari-yardim\/","title":{"rendered":"ALMANYA &#038; AVRUPA &#038; SILAYOLU VE T\u00dcRK\u0130YE&#8217;N\u0130N 81 \u0130L\u0130NDE YOLYARDIMI + COMFORT PAKET"},"content":{"rendered":"<p><strong>T\u00fcrkiyeyolyardimi.com: Yolda G\u00fcvenilir Orta\u011f\u0131n\u0131z!<\/strong><\/p>\n<pre>Siz neredeyseniz, biz oraday\u0131z! T\u00fcrkiyeyolyardimi.com olarak, E.T.A &amp; ACE Comfort+ Premium Koruma paketi ile size tam kapsaml\u0131 bir g\u00fcvenlik a\u011f\u0131 sunuyoruz. Bu paket, s\u0131la yolunda ve T\u00fcrkiye'deki \r\nseyahatleriniz de dahil olmak \u00fczere, yolda kar\u015f\u0131la\u015fabilece\u011finiz her t\u00fcrl\u00fc soruna kar\u015f\u0131 en \u00fcst d\u00fczeyde koruma sa\u011flar.<\/pre>\n<p><strong>Neden E.T.A &amp; ACE Comfort+ Premium Koruma?<\/strong><\/p>\n<p>Bu paket, bir yol yard\u0131m\u0131ndan \u00e7ok daha fazlas\u0131d\u0131r. ACE Auto Club Europa&#8217;n\u0131n g\u00fcc\u00fc ve <strong>T\u00fcrkiyeyolyardimi.com&#8217;un Avrupa ,T\u00fcrkiye ve S\u0131la yolu odakl\u0131 deneyimi<\/strong> ile hareketlili\u011finizi ve g\u00fcvenli\u011finizi garanti alt\u0131na al\u0131yoruz.<\/p>\n<p>Hemen \u00fcye olun ve yolda, evde ve seyahatlerinizde sundu\u011fumuz benzersiz hizmet kalitesini deneyimleyin!<\/p>\n<p><strong>\u2728<\/strong><strong> E.T.A &amp; ACE Comfort+ Tarifesinin Temel Ayr\u0131cal\u0131klar\u0131<\/strong><\/p>\n<p>E.T.A &amp; ACE Comfort+ paketi,\u00a0 aileniz ve t\u00fcm ara\u00e7lar\u0131n\u0131z i\u00e7in \u00fcst\u00fcn bir koruma sunar.<\/p>\n<table>\n<thead>\n<tr>\n<td><strong>Kapsam Alan\u0131<\/strong><\/td>\n<td><strong>Temel \u00d6zellikler<\/strong><\/td>\n<\/tr>\n<\/thead>\n<tbody>\n<tr>\n<td><strong>Geni\u015f Ara\u00e7 Kapsam\u0131<\/strong><\/td>\n<td>Otomobil, motosiklet, bisiklet, elektrikli bisiklet\/pedelec ve <strong>3,5 tona kadar<\/strong> karavanlar\/kamp ara\u00e7lar\u0131.<\/td>\n<\/tr>\n<tr>\n<td><strong>S\u0131n\u0131rs\u0131z Aile Korumas\u0131<\/strong><\/td>\n<td><strong>Ad\u0131n\u0131za kay\u0131tl\u0131 T\u00dcM ara\u00e7lar<\/strong> (say\u0131 s\u0131n\u0131r\u0131 olmaks\u0131z\u0131n) ve <strong>t\u00fcm aile \u00fcyeleriniz<\/strong> (siz veya aile \u00fcyeleriniz ba\u015fkas\u0131n\u0131n arac\u0131n\u0131 kullan\u0131rken bile) koruma alt\u0131ndad\u0131r.<\/td>\n<\/tr>\n<tr>\n<td><strong>Co\u011frafi Ge\u00e7erlilik<\/strong><\/td>\n<td>Almanya, <strong>T\u00dcM AVRUPA<\/strong> ve Akdeniz&#8217;e k\u0131y\u0131s\u0131 olan \u00fclkeler (<strong>T\u00dcRK\u0130YE DAH\u0130L<\/strong>). 7\/24 s\u0131n\u0131rs\u0131z yard\u0131m alabilirsiniz.<\/td>\n<\/tr>\n<tr>\n<td><strong>Tercihe Ba\u011fl\u0131 \u00c7ekme<\/strong><\/td>\n<td>Ar\u0131zalanan arac\u0131n\u0131z, <strong>sizin tercih etti\u011finiz tamirhaneye<\/strong> \u00a0<strong>50 km&#8217;ye kadar<\/strong> \u00fccretsiz \u00e7ekilir. (Bataryas\u0131 bo\u015falan elektrikli ara\u00e7lar dahil).<\/td>\n<\/tr>\n<tr>\n<td><strong>Ek Finansal Destek<\/strong><\/td>\n<td>Ar\u0131za yard\u0131m\u0131 i\u00e7in <strong>100 \u20ac&#8217;ya kadar<\/strong> tamir yard\u0131m katk\u0131s\u0131 ve b\u00fcy\u00fck masraflar i\u00e7in <strong>5.000 \u20ac&#8217;ya kadar<\/strong> arama, kurtarma ve kurtarma masraflar\u0131.<\/td>\n<\/tr>\n<tr>\n<td><strong>Mobiliteniz G\u00fcvende<\/strong><\/td>\n<td>Kiral\u0131k ara\u00e7 veya konaklama masraflar\u0131n\u0131z i\u00e7in <strong>cebinizden para \u00e7\u0131kmaz<\/strong> (kat\u0131l\u0131m pay yok).<\/td>\n<\/tr>\n<tr>\n<td><strong>\u00d6zel Ev Hizmetleri<\/strong><\/td>\n<td><strong>ACE HomeAssist:<\/strong> Anahtar kayb\u0131 veya kap\u0131da kalma durumunda \u00e7ilingir deste\u011fi ve acil ar\u0131\/e\u015fek ar\u0131s\u0131 yuvas\u0131 \u00e7\u0131karma hizmeti (her biri 500 \u20ac&#8217;ya kadar).<\/td>\n<\/tr>\n<\/tbody>\n<\/table>\n<p>&nbsp;<\/p>\n<p><strong>Acil Durum ve Mobilite Hizmetleri<\/strong><\/p>\n<p>Yolda kalmak yok! Arac\u0131n\u0131zla bir sorun ya\u015fad\u0131\u011f\u0131n\u0131z anda devreye giren kapsaml\u0131 hizmetlerimiz:<\/p>\n<ul>\n<li><strong>7\/24 Ar\u0131za ve Kaza Yard\u0131m\u0131:<\/strong> Nerede olursan\u0131z olun, profesyonel ekipler an\u0131nda olay yerinde.<\/li>\n<li><strong>S\u0131layolu Tamirci Deste\u011fi:<\/strong> \u00d6zellikle izin yolu g\u00fczergah\u0131nda, arac\u0131n\u0131z\u0131n g\u00fcvenilir tamirhanelere \u00e7ekilmesi ve onar\u0131m s\u00fcrecine destek sa\u011flanmas\u0131.<\/li>\n<li><strong>Ara\u00e7 Kurtarma (S\u0131n\u0131rs\u0131z):<\/strong> Arac\u0131n\u0131z\u0131n yoldan \u00e7\u0131kmas\u0131 gibi durumlarda s\u0131n\u0131rs\u0131z kurtarma hizmeti.<\/li>\n<li><strong>Kap\u0131dan Kiral\u0131k Ara\u00e7 :<\/strong> Arac\u0131n\u0131z servisteyken yola devam edebilmeniz i\u00e7in, <strong>evinizin kap\u0131s\u0131ndan<\/strong> kiral\u0131k ara\u00e7 temini.<\/li>\n<li><strong>Otel Konaklama\/Yola Devam:<\/strong> Tamir s\u00fcresince <strong>5 geceye kadar<\/strong> otel konaklama veya yolculu\u011fa devam etmek i\u00e7in tren\/u\u00e7ak bileti masraflar\u0131n\u0131n kar\u015f\u0131lanmas\u0131.<\/li>\n<li><strong>Yurt D\u0131\u015f\u0131ndan Geri Nakil:<\/strong> Uzun s\u00fcrecek tamir durumunda arac\u0131n\u0131z\u0131n, ciddi bir sa\u011fl\u0131k sorununda ise sizin ve ailenizin t\u0131bbi olarak \u00fclkeye geri nakli.<\/li>\n<\/ul>\n<p><strong>\ud83c\udf10<\/strong><strong> Neden Biz? ACE ve T\u00fcrkiyeyolyardimi.com EuroT\u00fcrkAssist<\/strong><\/p>\n<p>T\u00fcrkiyeyolyardimi.com olarak, hizmetimizi <strong>Almanya&#8217;n\u0131n \u00fc\u00e7\u00fcnc\u00fc b\u00fcy\u00fck yol yard\u0131m firmas\u0131 ACE &#8211; Auto Club Europa<\/strong> ile yapt\u0131\u011f\u0131m\u0131z g\u00fc\u00e7l\u00fc i\u015f birli\u011fi \u00fczerine kurduk.<\/p>\n<p>&#8220;Biz, size ADAC&#8217;nin sundu\u011fu hizmetlerden <strong>daha fazlas\u0131n\u0131<\/strong> sunuyoruz!&#8221;<\/p>\n<ul>\n<li><strong>Geni\u015f A\u011f:<\/strong> Yaln\u0131zca Almanya&#8217;da 2.000&#8217;den fazla acil durum arac\u0131 ve 450 ortak tamirhane ile hizmet veriyoruz. T\u00fcm Avrupa genelinde koordinasyon, 7\/24 ACE Acil Merkezi taraf\u0131ndan y\u00f6netilir.<\/li>\n<li><strong>Aile Odakl\u0131 Koruma:<\/strong> Tek bir \u00fcyelik paketi ile t\u00fcm ailenizi ve ad\u0131n\u0131za kay\u0131tl\u0131 t\u00fcm ara\u00e7lar\u0131 kapsar.<\/li>\n<li><strong>T\u00fcrkiye Uzmanl\u0131\u011f\u0131:<\/strong> \u00d6zellikle s\u0131la yolunda ve T\u00fcrkiye&#8217;de kar\u015f\u0131la\u015fabilece\u011finiz zorluklara y\u00f6nelik haz\u0131rl\u0131kl\u0131 ve entegre bir destek a\u011f\u0131 sunuyoruz.<\/li>\n<\/ul>\n<p><strong>\u2757<\/strong><strong> \u00d6nemli Not:<\/strong> Bu paketimizden yaln\u0131zca Almanya&#8217;da ikamet edenler yararlanabilmektedirler.<\/p>\n<p><strong>\ud83d\udcde<\/strong><strong> Hemen \u00dcye Olun, G\u00fcvenle Yola \u00c7\u0131k\u0131n!<\/strong><\/p>\n<p>T\u00fcrkiyeyolyardimi.com ile yol yard\u0131m\u0131ndan <strong>\u00e7ok daha fazlas\u0131n\u0131<\/strong> elde edin. E.T.A &amp; ACE Comfort+ Premium Koruma paketiyle yollardaki g\u00fcvenilir orta\u011f\u0131n\u0131z biziz.<\/p>\n<p><strong>Hemen \u00fcye olmak ve avantajlardan faydalanmak i\u00e7in <a href=\"https:\/\/www.turkiyeyolyardimi.com\/yol-yardim\/comfort-paketi-siparis-formu\/?\">[E.T.A Comfort+]<\/a> linke TIKLAYIN !<\/strong><\/p>\n","protected":false},"excerpt":{"rendered":"<ul>\n<li>\n<pre>84,00\u20ac<\/pre>\n<\/li>\n<li>\n<pre>7\/24 Almanya + Avrupa + S\u0131laYolu + Balkanlar +T\u00fcrkiye \u00e7ap\u0131nda s\u0131n\u0131rs\u0131z yol yard\u0131m\u0131.Hemen Al..<\/pre>\n<\/li>\n<\/ul>\n","protected":false},"featured_media":2832,"comment_status":"open","ping_status":"closed","template":"","meta":{"_monsterinsights_skip_tracking":false,"_monsterinsights_sitenote_active":false,"_monsterinsights_sitenote_note":"","_monsterinsights_sitenote_category":0},"product_cat":[6],"product_tag":[42,46,47,48,49,52,50],"class_list":{"0":"post-1958","1":"product","2":"type-product","3":"status-publish","4":"has-post-thumbnail","6":"product_cat-almanya-silayolu","7":"product_tag-almanya-silayolu","8":"product_tag-avusturya-silayolu","9":"product_tag-belcika-silayolu","10":"product_tag-fransa-silayolu","11":"product_tag-hollanda-silayolu","12":"product_tag-ingiltere-silayolu","13":"product_tag-turkiye-yol-kenari-yardim","15":"first","16":"instock","17":"sale","18":"featured","19":"shipping-taxable","20":"product-type-external"},"_links":{"self":[{"href":"https:\/\/www.turkiyeyolyardimi.com\/yol-yardim\/wp-json\/wp\/v2\/product\/1958","targetHints":{"allow":["GET"]}}],"collection":[{"href":"https:\/\/www.turkiyeyolyardimi.com\/yol-yardim\/wp-json\/wp\/v2\/product"}],"about":[{"href":"https:\/\/www.turkiyeyolyardimi.com\/yol-yardim\/wp-json\/wp\/v2\/types\/product"}],"replies":[{"embeddable":true,"href":"https:\/\/www.turkiyeyolyardimi.com\/yol-yardim\/wp-json\/wp\/v2\/comments?post=1958"}],"version-history":[{"count":60,"href":"https:\/\/www.turkiyeyolyardimi.com\/yol-yardim\/wp-json\/wp\/v2\/product\/1958\/revisions"}],"predecessor-version":[{"id":5832,"href":"https:\/\/www.turkiyeyolyardimi.com\/yol-yardim\/wp-json\/wp\/v2\/product\/1958\/revisions\/5832"}],"wp:featuredmedia":[{"embeddable":true,"href":"https:\/\/www.turkiyeyolyardimi.com\/yol-yardim\/wp-json\/wp\/v2\/media\/2832"}],"wp:attachment":[{"href":"https:\/\/www.turkiyeyolyardimi.com\/yol-yardim\/wp-json\/wp\/v2\/media?parent=1958"}],"wp:term":[{"taxonomy":"product_cat","embeddable":true,"href":"https:\/\/www.turkiyeyolyardimi.com\/yol-yardim\/wp-json\/wp\/v2\/product_cat?post=1958"},{"taxonomy":"product_tag","embeddable":true,"href":"https:\/\/www.turkiyeyolyardimi.com\/yol-yardim\/wp-json\/wp\/v2\/product_tag?post=1958"}],"curies":[{"name":"wp","href":"https:\/\/api.w.org\/{rel}","templated":true}]}}