{"id":4100,"date":"2024-12-27T15:43:27","date_gmt":"2024-12-27T15:43:27","guid":{"rendered":"https:\/\/www.turkiyeyolyardimi.com\/yol-yardim\/?post_type=product&#038;p=4100"},"modified":"2025-11-29T22:43:36","modified_gmt":"2025-11-29T22:43:36","slug":"turkiye-yol-kenari-yardim","status":"publish","type":"product","link":"https:\/\/www.turkiyeyolyardimi.com\/yol-yardim\/product\/turkiye-yol-kenari-yardim\/","title":{"rendered":"T\u00fcrkiye Yol Kenar\u0131 Yard\u0131m Paketi: T\u00fcrkiye \u0130\u00e7inde S\u0131n\u0131rs\u0131z G\u00fcvenlik!"},"content":{"rendered":"<pre><strong>T\u00fcrkiye\u2019de Konforlu ve Sorunsuz S\u00fcr\u00fc\u015f\u00fcn Anahtar\u0131<\/strong>\r\n\r\nAvrupa'da ya\u015f\u0131yorsunuz ve arac\u0131n\u0131z\u0131 T\u00fcrkiye'de uzun s\u00fcre kullanmay\u0131 veya T\u00fcrkiye i\u00e7inde rahat\u00e7a seyahat etmeyi planl\u0131yorsunuz. <strong>T\u00fcrkiyeyolyardimi.com<\/strong> olarak, tam da size \u00f6zel, <strong>T\u00fcrkiye'nin 81 ilinde<\/strong> ge\u00e7erli, kapsaml\u0131 bir yol yard\u0131m paketi haz\u0131rlad\u0131k. Nerede olursan\u0131z olun, size an\u0131nda \u00e7\u00f6z\u00fcm \u00fcretiyoruz.<\/pre>\n<h5><strong>EuroT\u00fcrkAssist T\u00fcrkiye Yol Kenar\u0131 Yard\u0131m Paketi<\/strong> :<\/h5>\n<ul>\n<li>\n<h5><strong>Fiyat Avantaj\u0131:<\/strong> Y\u0131ll\u0131k sadece <strong>65,90 Euro<\/strong><\/h5>\n<\/li>\n<li>\n<h5><strong>Kapsam:<\/strong> <strong>1 Ara\u00e7<\/strong> ve <strong>T\u00fcm Aile (5 Ki\u015fiye Kadar)<\/strong><\/h5>\n<\/li>\n<li>\n<h5><strong>Ge\u00e7erlilik:<\/strong> Yaln\u0131zca <strong>T\u00fcrkiye&#8217;nin 81 \u0130linde<\/strong> ge\u00e7erlidir. (Bu paket S\u0131la Yolu g\u00fczergah\u0131n\u0131 <em>kapsamaz<\/em>.)<\/h5>\n<\/li>\n<\/ul>\n<p><strong>\u2728<\/strong><strong> Neden EuroT\u00fcrkAssist T\u00fcrkiye Yol Kenar\u0131 Yard\u0131m?<\/strong><\/p>\n<p>Y\u0131ll\u0131k (12 AY) s\u0131n\u0131rs\u0131z yol yard\u0131m hizmetiyle T\u00fcrkiye i\u00e7indeki t\u00fcm seyahatleriniz g\u00fcvence alt\u0131nda.<\/p>\n<p><strong>\ud83d\ude97<\/strong><strong> Temel Yol Yard\u0131m Hizmetleri (12 Ay \/ S\u0131n\u0131rs\u0131z)<\/strong><\/p>\n<table>\n<thead>\n<tr>\n<td><span style=\"color: #333399;\"><strong>Hizmet<\/strong><\/span><\/td>\n<td><span style=\"color: #333399;\"><strong>Detayl\u0131 Kapsam<\/strong><\/span><\/td>\n<\/tr>\n<\/thead>\n<tbody>\n<tr>\n<td><span style=\"color: #333399;\"><strong>Ar\u0131za ve Kaza \u00c7ekici<\/strong><\/span><\/td>\n<td>Arac\u0131n kaza, ar\u0131za veya herhangi bir sebeple yolda kalmas\u0131 durumunda, \u00f6nce <strong>yerinde yol yard\u0131m<\/strong> hizmeti sa\u011flan\u0131r. Yerinde onar\u0131m m\u00fcmk\u00fcn de\u011filse, <strong>50 km i\u00e7inde<\/strong> en yak\u0131n anla\u015fmal\u0131 servise s\u0131n\u0131rs\u0131z ve \u00fccretsiz \u00e7ekilir.<\/td>\n<\/tr>\n<tr>\n<td><span style=\"color: #333399;\"><strong>Lastik ve Ak\u00fc Deste\u011fi<\/strong><\/span><\/td>\n<td>Lastik patlamas\u0131 (yerinde onar\u0131m\/\u00e7ekici) ve ak\u00fc ar\u0131zas\u0131\/bitmesi (takviye\/\u00e7ekici) durumlar\u0131nda <strong>50 km i\u00e7inde<\/strong> en yak\u0131n servise\/tamirciye \u00e7ekilmesi sa\u011flan\u0131r.<\/td>\n<\/tr>\n<tr>\n<td><span style=\"color: #333399;\"><strong>Yak\u0131t ve Anahtar Deste\u011fi<\/strong><\/span><\/td>\n<td>Yak\u0131t bitmesi halinde \u00fccretsiz yak\u0131t sa\u011flanmas\u0131 veya en yak\u0131n yak\u0131t istasyonuna \u00e7ekilmesi (yasal haklar). Ayr\u0131ca ara\u00e7 anahtar\u0131 ve kilidi ile ilgili sorunlarda <strong>s\u0131n\u0131rs\u0131z ve \u00fccretsiz \u00e7ilingir hizmeti<\/strong>.<\/td>\n<\/tr>\n<\/tbody>\n<\/table>\n<p><strong>\ud83c\udfe8<\/strong><strong> Seyahat ve Destek Hizmetleri<\/strong><\/p>\n<p>Yolda kalma durumunuzun ikamet iliniz d\u0131\u015f\u0131nda ger\u00e7ekle\u015fmesi ve onar\u0131m\u0131n 3 g\u00fcn\u00fc ge\u00e7ece\u011fi anla\u015f\u0131lmas\u0131 halinde a\u015fa\u011f\u0131daki hizmetler devreye girer:<\/p>\n<ul>\n<li><strong>Konaklama Hizmeti:<\/strong> \u00dcyenin ve beraberindekilerin <strong>3 g\u00fcnl\u00fck<\/strong> otel konaklama masraflar\u0131 kar\u015f\u0131lan\u0131r.<\/li>\n<li><strong>\u0130kame Ara\u00e7 (Rent a Car):<\/strong> Arac\u0131n onar\u0131m\u0131 3 g\u00fcn\u00fc ge\u00e7ecekse, <strong>3 g\u00fcnl\u00fck<\/strong> normal s\u0131n\u0131f ikame ara\u00e7 hizmeti sa\u011flan\u0131r.<\/li>\n<li><strong>Seyahate Devam Bileti:<\/strong> \u00dcye isterse, konaklama veya ikame ara\u00e7 yerine ikamet iline d\u00f6n\u00fc\u015f i\u00e7in otob\u00fcs veya u\u00e7ak bileti temin edilir.<\/li>\n<\/ul>\n<p><strong>\ud83d\udee1\ufe0f<\/strong><strong> Finansal ve Hukuki G\u00fcvenceler<\/strong><\/p>\n<ul>\n<li><strong>S\u00fcr\u00fcc\u00fc Hukuklar\u0131 Koruma:<\/strong> Ara\u00e7 sahibinin motorlu araca ba\u011fl\u0131 hukuki haklar\u0131 teminat alt\u0131na al\u0131n\u0131r.<\/li>\n<li><strong>\u0130htiyari Mali Sorumluluk Sigortas\u0131 (\u0130MS):<\/strong> Mali sorumluluk risklerine kar\u015f\u0131 ek g\u00fcvence sa\u011flar.<\/li>\n<\/ul>\n<p><strong>\ud83d\udcde<\/strong><strong> Hemen \u00dcye Olun, Ailenizi ve Kendinizi G\u00fcven Alt\u0131na Al\u0131n!<\/strong><\/p>\n<p>T\u00fcrkiye yol yard\u0131m paketinizi bug\u00fcn sat\u0131n al\u0131n ve T\u00fcrkiye i\u00e7inde rahat bir yolculu\u011fun keyfini \u00e7\u0131kar\u0131n.<\/p>\n<ul>\n<li><strong>Aktivasyon:<\/strong> T\u00fcm hizmetlerimizden yararlanabilmeniz i\u00e7in, \u00fcyeli\u011finizin \u00f6deme sonras\u0131 <strong>5 g\u00fcn i\u00e7inde<\/strong> aktif edildi\u011fini g\u00f6z \u00f6n\u00fcnde bulundurarak, yola \u00e7\u0131kmadan <strong>1 hafta \u00f6nce<\/strong> paketinizi sat\u0131n al\u0131n\u0131z.<\/li>\n<li><strong>Acil \u00c7\u00f6z\u00fcm:<\/strong> E\u011fer yol yard\u0131m paketiniz yoksa ve hemen yola \u00e7\u0131kman\u0131z gerekiyorsa, bize <strong>WhatsApp (+49 151 47 351012)<\/strong> numaram\u0131zdan yaz\u0131n; size \u00f6zel \u00e7\u00f6z\u00fcm yollar\u0131 sunal\u0131m.<\/li>\n<\/ul>\n","protected":false},"excerpt":{"rendered":"<p><strong>\u00a0T\u00fcrkiye 81 ili dahil senelik s\u0131n\u0131rs\u0131z yol yard\u0131m paketi.65,90 \u20ac sadece T\u00fcrkiye i\u00e7ersinde ge\u00e7erlidir.<\/strong><\/p>\n","protected":false},"featured_media":3428,"comment_status":"open","ping_status":"closed","template":"","meta":{"_monsterinsights_skip_tracking":false,"_monsterinsights_sitenote_active":false,"_monsterinsights_sitenote_note":"","_monsterinsights_sitenote_category":0},"product_cat":[44],"product_tag":[42,46,47,48,51,49,52,50],"class_list":{"0":"post-4100","1":"product","2":"type-product","3":"status-publish","4":"has-post-thumbnail","6":"product_cat-turkiye-yol-kenari-yardim","7":"product_tag-almanya-silayolu","8":"product_tag-avusturya-silayolu","9":"product_tag-belcika-silayolu","10":"product_tag-fransa-silayolu","11":"product_tag-hizmetler","12":"product_tag-hollanda-silayolu","13":"product_tag-ingiltere-silayolu","14":"product_tag-turkiye-yol-kenari-yardim","16":"first","17":"instock","18":"sale","19":"shipping-taxable","20":"purchasable","21":"product-type-simple"},"_links":{"self":[{"href":"https:\/\/www.turkiyeyolyardimi.com\/yol-yardim\/wp-json\/wp\/v2\/product\/4100","targetHints":{"allow":["GET"]}}],"collection":[{"href":"https:\/\/www.turkiyeyolyardimi.com\/yol-yardim\/wp-json\/wp\/v2\/product"}],"about":[{"href":"https:\/\/www.turkiyeyolyardimi.com\/yol-yardim\/wp-json\/wp\/v2\/types\/product"}],"replies":[{"embeddable":true,"href":"https:\/\/www.turkiyeyolyardimi.com\/yol-yardim\/wp-json\/wp\/v2\/comments?post=4100"}],"version-history":[{"count":9,"href":"https:\/\/www.turkiyeyolyardimi.com\/yol-yardim\/wp-json\/wp\/v2\/product\/4100\/revisions"}],"predecessor-version":[{"id":5745,"href":"https:\/\/www.turkiyeyolyardimi.com\/yol-yardim\/wp-json\/wp\/v2\/product\/4100\/revisions\/5745"}],"wp:featuredmedia":[{"embeddable":true,"href":"https:\/\/www.turkiyeyolyardimi.com\/yol-yardim\/wp-json\/wp\/v2\/media\/3428"}],"wp:attachment":[{"href":"https:\/\/www.turkiyeyolyardimi.com\/yol-yardim\/wp-json\/wp\/v2\/media?parent=4100"}],"wp:term":[{"taxonomy":"product_cat","embeddable":true,"href":"https:\/\/www.turkiyeyolyardimi.com\/yol-yardim\/wp-json\/wp\/v2\/product_cat?post=4100"},{"taxonomy":"product_tag","embeddable":true,"href":"https:\/\/www.turkiyeyolyardimi.com\/yol-yardim\/wp-json\/wp\/v2\/product_tag?post=4100"}],"curies":[{"name":"wp","href":"https:\/\/api.w.org\/{rel}","templated":true}]}}